{"id":3489,"date":"2015-07-24T11:14:00","date_gmt":"2015-07-24T11:14:00","guid":{"rendered":"http:\/\/www.elotrolado.com.pa\/en\/?page_id=3489"},"modified":"2018-03-16T21:25:10","modified_gmt":"2018-03-16T21:25:10","slug":"howtoarrive","status":"publish","type":"page","link":"https:\/\/www.casacongo.com\/es\/contact\/howtoarrive\/","title":{"rendered":"Como llegar"},"content":{"rendered":"<div class=\"one withsmallpadding \" >\n<div class=\"page_content_wrapper\">\n<p><strong>\u00bfC\u00f3mo llegar a Casa Congo?<\/strong><\/p>\n<p>Desde Panama ciudad, debe tomar el corredor Norte y luego la autopista Panam\u00e1-Col\u00f3n; a la altura de Sabanitas (Donde est\u00e1 el Supermercado el Rey), gira a mano derecha y sigue la calle principal se\u00f1alizada con\u00a0<strong>Portobelo\u00a0<\/strong>,\u00a0 debe recorrer aproximadamente 33 Kms.<\/p>\n<p>Nuestro n\u00famero\u00a0 Tel. 2020-111 o al correo\u00a0\u00a0<a href=\"mailto:info@elotrolado.com.pa\">info@elotrolado.com.pa<\/a><\/p>\n<p><strong>\u00bfCu\u00e1les son los horarios de llegadas y salidas?\u00a0<\/strong><\/p>\n<p>Le solicitamos que programe su llegada (check-in) para despu\u00e9s de las 3pm y su partida (check-out) para antes de la 1pm.<\/p>\n<p>No existe cargo por llegar antes de la hora establecida o por una salida tard\u00eda, si la habitaci\u00f3n est\u00e1 disponible, con mucho gusto acomodaremos su horario de llegada y salida fuera de las horas arribas mencionada sin cargo adicional, siempre que contemos con la disponibilidad y no sea de inconveniencia para otros hu\u00e9spedes.<\/p>\n<p><strong>\u00bfCu\u00e1l es la moneda utilizada en Panam\u00e1? \u00bfCu\u00e1l es la tasa de cambio?<\/strong><\/p>\n<p>B\/. es el s\u00edmbolo de balboas, la cual es moneda nacional de la Rep\u00fablica de Panam\u00e1. La tasa de cambio en relaci\u00f3n al d\u00f3lar de los Estados Unidos de Am\u00e9rica es uno-a-uno, un d\u00f3lar paname\u00f1o es igual a un d\u00f3lar americano. Esto quiere decir que B\/. 10.00 (diez balboas) son equivalentes a US$10.00 (d\u00f3lares americanos).<\/p>\n<p><strong>\u00bfHay restaurantes en el \u00e1rea? \u00bfCu\u00e1l es su distancia aproximada?<\/strong><\/p>\n<ul>\n<li><u>Restaurante Casa Congo<\/u>, ubicado dentro de la Casa Congo y\u00a0con una enorme terraza con vistas a una de las bah\u00edas hist\u00f3ricamente m\u00e1s importantes e impresionantes de las Am\u00e9ricas. \u00a0Le ofrece a sus visitantes la deliciosa gastronom\u00eda Caribe\u00f1a, elaborada con productos frescos y de calidad. Nuestro amplio men\u00fa ofrece una variedad de platos en donde se mezclan la tradici\u00f3n y la cocina moderna.<\/li>\n<li>En el Coco Plum, un peque\u00f1o hotel con facilidades para el buceo, se encuentra un restaurante llamado\u00a0<u>Las Anclas<\/u>, en la carretera siguiendo la l\u00ednea del mar, alrededor de 4 millas antes de Portobelo (los locales recomiendan su sopa de mariscos &#038; pastel de maracuy\u00e1) \u2013 La distancia desde Portobelo es aproximadamente 6 kil\u00f3metros.<\/li>\n<li><u>Las Torres<\/u>es un peque\u00f1o restaurante ubicado en la mano derecha de la carretera. 3 millas antes de llegar al pueblo de Portobelo, este es el restaurante favorito de los locales\u00a0\u00a0 \u2013 La distancia desde Portobelo es de aproximadamente 5 kil\u00f3metros.<\/li>\n<li>El lugar del pan,\u00a0<u>\u201cPanader\u00eda del Nazareno\u201d<\/u>una llamativa casita de color rosado y anaranjado frente\u00a0 al Municipio.<\/li>\n<\/ul>\n<p>Para confirmar su reservaci\u00f3n, se requiere el dep\u00f3sito por acomodaciones m\u00e1s impuestos, antes del momento de su llegada.\u00a0 Cualquier solicitud de cancelaci\u00f3n o modificaci\u00f3n de fechas debe ser presentada por escrito directamente al departamento de reservas:<a href=\"mailto:info@elotrolado.com.pa\">info@elotrolado.com.pa<\/a><\/p>\n<ul>\n<li>Aviso de cancelaci\u00f3n, o modificaci\u00f3n de fechas, recibido con m\u00e1s de 15 D\u00edas de Antelaci\u00f3n \u2013 10% Penalizaci\u00f3n.<\/li>\n<li>Aviso de cancelaci\u00f3n, o modificaci\u00f3n de fechas recibido, entre 5 a 15 D\u00edas de Antelaci\u00f3n \u2013 50% de Penalizaci\u00f3n.<\/li>\n<li>Aviso de la cancelaci\u00f3n o modificaci\u00f3n de fechas recibido con 5 d\u00edas, o menos, antes de la fecha de check-in, &#8211; 100% de Penalizaci\u00f3n.<\/li>\n<\/ul>\n<p style=\"text-align: justify;\"><b>Coche<br \/>\n<\/b><\/p>\n<p style=\"text-align: justify;\">Desde Ciudad de Panam\u00e1, es un recorrido de algo m\u00e1s de una hora a trav\u00e9s de la autopista Trans\u00edsmica o Corredor Norte. Al ser Panam\u00e1 una franja estrecha, se pasa en apenas unos minutos del Pac\u00edfico al Atl\u00e1ntico. En Sabanita se gira en el Supermercado Rey para continuar bordeando el mar hasta Mar\u00eda Chiquita y Portobelo.\u00a0El Otro Lado\u00a0cuenta con servicio de transporte, av\u00edsenos si lo desea.<\/p>\n<p style=\"text-align: justify;\"><a href=\"http:\/\/www.elotrolado.com.pa\/es\/wp-content\/uploads\/2016\/02\/comollegar.jpg\" target=\"_blank\">Map 1.<\/a><\/p>\n<p style=\"text-align: justify;\"><b>Tren<br \/>\n<\/b><\/p>\n<p style=\"text-align: justify;\">El Ferrocarril de Panam\u00e1 es uno de los m\u00e1s singulares viajes en tren del mundo. Aunado con su colorida historia, el ferrocarril sigue una ruta pintoresca a trav\u00e9s del Istmo. La v\u00eda bordea el Canal de Panam\u00e1 pasando por una exuberante selva tropical, transitando junto a las esclusas del Canal, a trav\u00e9s del hist\u00f3rico Corte Culebra y el Lago Gat\u00fan.<\/p>\n<p style=\"text-align: justify;\">El tiempo aproximado de viaje hasta Col\u00f3n es de una hora.<\/p>\n<p style=\"text-align: justify;\">Desde all\u00ed, en coche ser\u00e1n 45 minutos hasta Portobelo.<\/p>\n<p><b>Barco<br \/>\n<\/b><\/p>\n<p>Se puede llegar a El Otro Lado en cualquier tipo de barco, ya que la bah\u00eda \u2013donde atrac\u00f3 Col\u00f3n- es un puerto natural d\u00f3nde pueden fondear todo tipo de embarcaciones.<\/p>\n<p><b>Consejos para su llegada<\/b><\/p>\n<p>Usted pasara varios pueblos en su camino a Portobelo. Agradecemos nos contacte para avisarnos que va en camino. Al pasar Mar\u00eda Chiquita, llamemos al 507-202-0111 (n\u00famero principal) para enviar el bote a encontrarlo a su llegada.<\/p>\n<p><a href=\"http:\/\/www.elotrolado.com.pa\/es\/wp-content\/uploads\/2016\/02\/plantotesoro.jpg\" target=\"_blank\">Mapa del tesoro<\/a><\/p>\n<\/div>\n<\/div>\n","protected":false},"excerpt":{"rendered":"<p>\u00bfC\u00f3mo llegar a Casa Congo? Desde Panama ciudad, debe tomar el corredor Norte y luego la autopista Panam\u00e1-Col\u00f3n; a la altura de Sabanitas (Donde est\u00e1 el Supermercado el Rey), gira a mano derecha y sigue la calle principal se\u00f1alizada con\u00a0Portobelo\u00a0,\u00a0 debe recorrer aproximadamente 33 Kms. Nuestro [&hellip;]<\/p>\n","protected":false},"author":1,"featured_media":5629,"parent":2920,"menu_order":0,"comment_status":"closed","ping_status":"closed","template":"page_f.php","meta":{"footnotes":""},"class_list":["post-3489","page","type-page","status-publish","has-post-thumbnail","hentry"],"_links":{"self":[{"href":"https:\/\/www.casacongo.com\/es\/wp-json\/wp\/v2\/pages\/3489","targetHints":{"allow":["GET"]}}],"collection":[{"href":"https:\/\/www.casacongo.com\/es\/wp-json\/wp\/v2\/pages"}],"about":[{"href":"https:\/\/www.casacongo.com\/es\/wp-json\/wp\/v2\/types\/page"}],"author":[{"embeddable":true,"href":"https:\/\/www.casacongo.com\/es\/wp-json\/wp\/v2\/users\/1"}],"replies":[{"embeddable":true,"href":"https:\/\/www.casacongo.com\/es\/wp-json\/wp\/v2\/comments?post=3489"}],"version-history":[{"count":24,"href":"https:\/\/www.casacongo.com\/es\/wp-json\/wp\/v2\/pages\/3489\/revisions"}],"predecessor-version":[{"id":5937,"href":"https:\/\/www.casacongo.com\/es\/wp-json\/wp\/v2\/pages\/3489\/revisions\/5937"}],"up":[{"embeddable":true,"href":"https:\/\/www.casacongo.com\/es\/wp-json\/wp\/v2\/pages\/2920"}],"wp:featuredmedia":[{"embeddable":true,"href":"https:\/\/www.casacongo.com\/es\/wp-json\/wp\/v2\/media\/5629"}],"wp:attachment":[{"href":"https:\/\/www.casacongo.com\/es\/wp-json\/wp\/v2\/media?parent=3489"}],"curies":[{"name":"wp","href":"https:\/\/api.w.org\/{rel}","templated":true}]}}