{"id":3498,"date":"2015-07-24T11:17:35","date_gmt":"2015-07-24T11:17:35","guid":{"rendered":"http:\/\/www.elotrolado.com.pa\/en\/?page_id=3498"},"modified":"2017-06-08T17:37:56","modified_gmt":"2017-06-08T17:37:56","slug":"national-park","status":"publish","type":"page","link":"https:\/\/www.casacongo.com\/es\/portobelo\/national-park\/","title":{"rendered":"Parque Nacional"},"content":{"rendered":"<div class=\"one withsmallpadding \" >\n<div class=\"page_content_wrapper\">\n<p style=\"text-align: justify;\">El Parque Nacional Portobelo tiene una extensi\u00f3n de 35,929 has de bosques tropicales, manglares, ecosistemas de litoral, islas y \u00e1rea marina. Conserva los valores naturales, paisaj\u00edsticos, hist\u00f3ricos y culturales del \u00e1rea, para fomentar el conocimiento y disfrute e los valores por parte de la ciudadan\u00eda. Protege los diversos ecosistemas tropicales terrestres y marinos de la regi\u00f3n con fines educativos, interpretativos y cient\u00edficos.<\/p>\n<\/div>\n<\/div>\n<div class=\"one ppb_gallery withpadding \" \">\n<div class=\"page_content_wrapper \" style=\"text-align:center\">\n<div class=\"three_cols portfolio_filter_wrapper gallery section content clearfix\">\n<div class=\"element portfolio3filter_wrapper\">\n<div class=\"one_third gallery3 filterable gallery_type animated1 \"><a title=\"\" class=\"fancy-gallery\" href=\"http:\/\/casacongo.fundacionbp.org\/es\/wp-content\/uploads\/2015\/11\/AFE1536.jpg\"><img decoding=\"async\" src=\"http:\/\/casacongo.fundacionbp.org\/es\/wp-content\/uploads\/2015\/11\/AFE1536.jpg\" alt=\"\" class=\"\"\/><\/a><\/div>\n<\/div>\n<div class=\"element portfolio3filter_wrapper\">\n<div class=\"one_third gallery3 filterable gallery_type animated2 \"><a title=\"\" class=\"fancy-gallery\" href=\"http:\/\/casacongo.fundacionbp.org\/es\/wp-content\/uploads\/2015\/11\/oso-perezoso156-1.jpg\"><img decoding=\"async\" src=\"http:\/\/casacongo.fundacionbp.org\/es\/wp-content\/uploads\/2015\/11\/oso-perezoso156-1.jpg\" alt=\"\" class=\"\"\/><\/a><\/div>\n<\/div>\n<div class=\"element portfolio3filter_wrapper\">\n<div class=\"one_third gallery3 filterable gallery_type animated3 \"><a title=\"\" class=\"fancy-gallery\" href=\"http:\/\/casacongo.fundacionbp.org\/es\/wp-content\/uploads\/2015\/11\/AFE2791.jpg\"><img decoding=\"async\" src=\"http:\/\/casacongo.fundacionbp.org\/es\/wp-content\/uploads\/2015\/11\/AFE2791.jpg\" alt=\"\" class=\"\"\/><\/a><\/div>\n<\/div>\n<div class=\"element portfolio3filter_wrapper\">\n<div class=\"one_third gallery3 filterable gallery_type animated4 last\"><a title=\"\" class=\"fancy-gallery\" href=\"http:\/\/casacongo.fundacionbp.org\/es\/wp-content\/uploads\/2015\/11\/IMG_7309-2.jpg\"><img decoding=\"async\" src=\"http:\/\/casacongo.fundacionbp.org\/es\/wp-content\/uploads\/2015\/11\/IMG_7309-2.jpg\" alt=\"\" class=\"\"\/><\/a><\/div>\n<\/div>\n<div class=\"element portfolio3filter_wrapper\">\n<div class=\"one_third gallery3 filterable gallery_type animated5 \"><a title=\"\" class=\"fancy-gallery\" href=\"http:\/\/casacongo.fundacionbp.org\/es\/wp-content\/uploads\/2015\/11\/san-jose-2-001j-copia-2.jpg\"><img decoding=\"async\" src=\"http:\/\/casacongo.fundacionbp.org\/es\/wp-content\/uploads\/2015\/11\/san-jose-2-001j-copia-2.jpg\" alt=\"\" class=\"\"\/><\/a><\/div>\n<\/div>\n<div class=\"element portfolio3filter_wrapper\">\n<div class=\"one_third gallery3 filterable gallery_type animated6 \"><a title=\"\" class=\"fancy-gallery\" href=\"http:\/\/casacongo.fundacionbp.org\/es\/wp-content\/uploads\/2015\/11\/IMG_0782-1.jpg\"><img decoding=\"async\" src=\"http:\/\/casacongo.fundacionbp.org\/es\/wp-content\/uploads\/2015\/11\/IMG_0782-1.jpg\" alt=\"\" class=\"\"\/><\/a><\/div>\n<\/div>\n<div class=\"element portfolio3filter_wrapper\">\n<div class=\"one_third gallery3 filterable gallery_type animated7 \"><a title=\"\" class=\"fancy-gallery\" href=\"http:\/\/casacongo.fundacionbp.org\/es\/wp-content\/uploads\/2015\/11\/AFE2819.jpg\"><img decoding=\"async\" src=\"http:\/\/casacongo.fundacionbp.org\/es\/wp-content\/uploads\/2015\/11\/AFE2819.jpg\" alt=\"\" class=\"\"\/><\/a><\/div>\n<\/div>\n<div class=\"element portfolio3filter_wrapper\">\n<div class=\"one_third gallery3 filterable gallery_type animated8 last\"><a title=\"\" class=\"fancy-gallery\" href=\"http:\/\/casacongo.fundacionbp.org\/es\/wp-content\/uploads\/2015\/11\/IMG_6989.jpg\"><img decoding=\"async\" src=\"http:\/\/casacongo.fundacionbp.org\/es\/wp-content\/uploads\/2015\/11\/IMG_6989.jpg\" alt=\"\" class=\"\"\/><\/a><\/div>\n<\/div>\n<div class=\"element portfolio3filter_wrapper\">\n<div class=\"one_third gallery3 filterable gallery_type animated9 \"><a title=\"\" class=\"fancy-gallery\" href=\"http:\/\/casacongo.fundacionbp.org\/es\/wp-content\/uploads\/2015\/11\/IMG_2601.jpg\"><img decoding=\"async\" src=\"http:\/\/casacongo.fundacionbp.org\/es\/wp-content\/uploads\/2015\/11\/IMG_2601.jpg\" alt=\"\" class=\"\"\/><\/a><\/div>\n<\/div>\n<div class=\"element portfolio3filter_wrapper\">\n<div class=\"one_third gallery3 filterable gallery_type animated10 \"><a title=\"\" class=\"fancy-gallery\" href=\"http:\/\/casacongo.fundacionbp.org\/es\/wp-content\/uploads\/2015\/11\/IMG_1380-1.jpg\"><img decoding=\"async\" src=\"http:\/\/casacongo.fundacionbp.org\/es\/wp-content\/uploads\/2015\/11\/IMG_1380-1.jpg\" alt=\"\" class=\"\"\/><\/a><\/div>\n<\/div>\n<div class=\"element portfolio3filter_wrapper\">\n<div class=\"one_third gallery3 filterable gallery_type animated11 \"><a title=\"\" class=\"fancy-gallery\" href=\"http:\/\/casacongo.fundacionbp.org\/es\/wp-content\/uploads\/2015\/11\/IMG_1245.jpg\"><img decoding=\"async\" src=\"http:\/\/casacongo.fundacionbp.org\/es\/wp-content\/uploads\/2015\/11\/IMG_1245.jpg\" alt=\"\" class=\"\"\/><\/a><\/div>\n<\/div>\n<div class=\"element portfolio3filter_wrapper\">\n<div class=\"one_third gallery3 filterable gallery_type animated12 last\"><a title=\"\" class=\"fancy-gallery\" href=\"http:\/\/casacongo.fundacionbp.org\/es\/wp-content\/uploads\/2015\/11\/AFE0146.jpg\"><img decoding=\"async\" src=\"http:\/\/casacongo.fundacionbp.org\/es\/wp-content\/uploads\/2015\/11\/AFE0146.jpg\" alt=\"\" class=\"\"\/><\/a><\/div>\n<\/div>\n<\/div>\n<\/div>\n<\/div>\n","protected":false},"excerpt":{"rendered":"<p>El Parque Nacional Portobelo tiene una extensi\u00f3n de 35,929 has de bosques tropicales, manglares, ecosistemas de litoral, islas y \u00e1rea marina. Conserva los valores naturales, paisaj\u00edsticos, hist\u00f3ricos y culturales del \u00e1rea, para fomentar el conocimiento y disfrute e los valores por parte de la ciudadan\u00eda. Protege [&hellip;]<\/p>\n","protected":false},"author":1,"featured_media":5289,"parent":3085,"menu_order":0,"comment_status":"closed","ping_status":"closed","template":"page_f.php","meta":{"footnotes":""},"class_list":["post-3498","page","type-page","status-publish","has-post-thumbnail","hentry"],"_links":{"self":[{"href":"https:\/\/www.casacongo.com\/es\/wp-json\/wp\/v2\/pages\/3498","targetHints":{"allow":["GET"]}}],"collection":[{"href":"https:\/\/www.casacongo.com\/es\/wp-json\/wp\/v2\/pages"}],"about":[{"href":"https:\/\/www.casacongo.com\/es\/wp-json\/wp\/v2\/types\/page"}],"author":[{"embeddable":true,"href":"https:\/\/www.casacongo.com\/es\/wp-json\/wp\/v2\/users\/1"}],"replies":[{"embeddable":true,"href":"https:\/\/www.casacongo.com\/es\/wp-json\/wp\/v2\/comments?post=3498"}],"version-history":[{"count":13,"href":"https:\/\/www.casacongo.com\/es\/wp-json\/wp\/v2\/pages\/3498\/revisions"}],"predecessor-version":[{"id":5785,"href":"https:\/\/www.casacongo.com\/es\/wp-json\/wp\/v2\/pages\/3498\/revisions\/5785"}],"up":[{"embeddable":true,"href":"https:\/\/www.casacongo.com\/es\/wp-json\/wp\/v2\/pages\/3085"}],"wp:featuredmedia":[{"embeddable":true,"href":"https:\/\/www.casacongo.com\/es\/wp-json\/wp\/v2\/media\/5289"}],"wp:attachment":[{"href":"https:\/\/www.casacongo.com\/es\/wp-json\/wp\/v2\/media?parent=3498"}],"curies":[{"name":"wp","href":"https:\/\/api.w.org\/{rel}","templated":true}]}}