{"id":3565,"date":"2015-11-04T10:12:59","date_gmt":"2015-11-04T10:12:59","guid":{"rendered":"http:\/\/www.elotrolado.com.pa\/en\/?page_id=3565"},"modified":"2025-06-30T14:41:12","modified_gmt":"2025-06-30T14:41:12","slug":"our-food","status":"publish","type":"page","link":"https:\/\/www.casacongo.com\/es\/our-food\/","title":{"rendered":"Restaurante"},"content":{"rendered":"<div class=\"one withsmallpadding \" >\n<div class=\"page_content_wrapper\">\n<p style=\"text-align: justify;\">En las costas caribe\u00f1as se gest\u00f3 una gastronom\u00eda mestiza fruto del sincretismo culinario, sazonado de historias de conquistas, esclavitud, pirater\u00eda, contrabando y migraciones. Su cocina est\u00e1 marcada por la riqueza de mariscos, pescados y moluscos, utilizados desde anta\u00f1o en platos que hoy son exquisiteces. Burgao, langosta, pulpo, arroz con coco\u2026<br \/>\nLa pesca es uno de las artes m\u00e1s antiguas de la humanidad y los pescadores son sus h\u00e9roes an\u00f3nimos, cargados de esa sapiencia que les permite no solo extraer los frutos m\u00e1s exquisitos del mar, sino preparar los que pueden parecer simples platos, que se han transformado hoy en suculentas especialidades de la regi\u00f3n caribe\u00f1a.<\/p>\n<p>La formaci\u00f3n tanto a cocineros como meseros es uno de los proyectos sociales dentro de la Fundaci\u00f3n, apostando por un desarrollo sostenible del \u00e1rea tur\u00edstica de Portobelo y alrededores.\n<\/p>\n<\/div>\n<\/div>\n<div class=\"one ppb_gallery withpadding \" \">\n<div class=\"page_content_wrapper \" style=\"text-align:center\">\n<div class=\"three_cols portfolio_filter_wrapper gallery section content clearfix\">\n<div class=\"element portfolio3filter_wrapper\">\n<div class=\"one_third gallery3 filterable gallery_type animated1 \"><a title=\"\" class=\"fancy-gallery\" href=\"https:\/\/www.casacongo.com\/es\/wp-content\/uploads\/2025\/06\/AO-DI0389-1061-scaled.jpg\"><img decoding=\"async\" src=\"https:\/\/www.casacongo.com\/es\/wp-content\/uploads\/2025\/06\/AO-DI0389-1061-560x460.jpg\" alt=\"\" class=\"\"\/><\/a><\/div>\n<\/div>\n<div class=\"element portfolio3filter_wrapper\">\n<div class=\"one_third gallery3 filterable gallery_type animated2 \"><a title=\"\" class=\"fancy-gallery\" href=\"https:\/\/www.casacongo.com\/es\/wp-content\/uploads\/2025\/06\/AO-DI0389-1067-scaled.jpg\"><img decoding=\"async\" src=\"https:\/\/www.casacongo.com\/es\/wp-content\/uploads\/2025\/06\/AO-DI0389-1067-560x460.jpg\" alt=\"\" class=\"\"\/><\/a><\/div>\n<\/div>\n<div class=\"element portfolio3filter_wrapper\">\n<div class=\"one_third gallery3 filterable gallery_type animated3 \"><a title=\"\" class=\"fancy-gallery\" href=\"https:\/\/www.casacongo.com\/es\/wp-content\/uploads\/2025\/06\/AO-DI0389-2188-scaled.jpg\"><img decoding=\"async\" src=\"https:\/\/www.casacongo.com\/es\/wp-content\/uploads\/2025\/06\/AO-DI0389-2188-560x460.jpg\" alt=\"\" class=\"\"\/><\/a><\/div>\n<\/div>\n<div class=\"element portfolio3filter_wrapper\">\n<div class=\"one_third gallery3 filterable gallery_type animated4 last\"><a title=\"\" class=\"fancy-gallery\" href=\"https:\/\/www.casacongo.com\/es\/wp-content\/uploads\/2025\/06\/AO-DI0389-2216-scaled.jpg\"><img decoding=\"async\" src=\"https:\/\/www.casacongo.com\/es\/wp-content\/uploads\/2025\/06\/AO-DI0389-2216-560x460.jpg\" alt=\"\" class=\"\"\/><\/a><\/div>\n<\/div>\n<div class=\"element portfolio3filter_wrapper\">\n<div class=\"one_third gallery3 filterable gallery_type animated5 \"><a title=\"\" class=\"fancy-gallery\" href=\"https:\/\/www.casacongo.com\/es\/wp-content\/uploads\/2025\/06\/AO-DI0389-2163-scaled.jpg\"><img decoding=\"async\" src=\"https:\/\/www.casacongo.com\/es\/wp-content\/uploads\/2025\/06\/AO-DI0389-2163-560x460.jpg\" alt=\"\" class=\"\"\/><\/a><\/div>\n<\/div>\n<div class=\"element portfolio3filter_wrapper\">\n<div class=\"one_third gallery3 filterable gallery_type animated6 \"><a title=\"\" class=\"fancy-gallery\" href=\"https:\/\/www.casacongo.com\/es\/wp-content\/uploads\/2025\/06\/AO-DI0389-2151-scaled.jpg\"><img decoding=\"async\" src=\"https:\/\/www.casacongo.com\/es\/wp-content\/uploads\/2025\/06\/AO-DI0389-2151-560x460.jpg\" alt=\"\" class=\"\"\/><\/a><\/div>\n<\/div>\n<\/div>\n<\/div>\n<\/div>\n","protected":false},"excerpt":{"rendered":"<p>En las costas caribe\u00f1as se gest\u00f3 una gastronom\u00eda mestiza fruto del sincretismo culinario, sazonado de historias de conquistas, esclavitud, pirater\u00eda, contrabando y migraciones. Su cocina est\u00e1 marcada por la riqueza de mariscos, pescados y moluscos, utilizados desde anta\u00f1o en platos que hoy son exquisiteces. Burgao, langosta, [&hellip;]<\/p>\n","protected":false},"author":1,"featured_media":6115,"parent":0,"menu_order":0,"comment_status":"closed","ping_status":"closed","template":"page-destination sin texto.php","meta":{"footnotes":""},"class_list":["post-3565","page","type-page","status-publish","has-post-thumbnail","hentry"],"_links":{"self":[{"href":"https:\/\/www.casacongo.com\/es\/wp-json\/wp\/v2\/pages\/3565","targetHints":{"allow":["GET"]}}],"collection":[{"href":"https:\/\/www.casacongo.com\/es\/wp-json\/wp\/v2\/pages"}],"about":[{"href":"https:\/\/www.casacongo.com\/es\/wp-json\/wp\/v2\/types\/page"}],"author":[{"embeddable":true,"href":"https:\/\/www.casacongo.com\/es\/wp-json\/wp\/v2\/users\/1"}],"replies":[{"embeddable":true,"href":"https:\/\/www.casacongo.com\/es\/wp-json\/wp\/v2\/comments?post=3565"}],"version-history":[{"count":41,"href":"https:\/\/www.casacongo.com\/es\/wp-json\/wp\/v2\/pages\/3565\/revisions"}],"predecessor-version":[{"id":6116,"href":"https:\/\/www.casacongo.com\/es\/wp-json\/wp\/v2\/pages\/3565\/revisions\/6116"}],"wp:featuredmedia":[{"embeddable":true,"href":"https:\/\/www.casacongo.com\/es\/wp-json\/wp\/v2\/media\/6115"}],"wp:attachment":[{"href":"https:\/\/www.casacongo.com\/es\/wp-json\/wp\/v2\/media?parent=3565"}],"curies":[{"name":"wp","href":"https:\/\/api.w.org\/{rel}","templated":true}]}}