{"id":4149,"date":"2015-11-15T16:10:32","date_gmt":"2015-11-15T16:10:32","guid":{"rendered":"http:\/\/www.elotrolado.com.pa\/en\/?page_id=4149"},"modified":"2017-06-29T21:29:45","modified_gmt":"2017-06-29T21:29:45","slug":"actividades","status":"publish","type":"page","link":"https:\/\/www.casacongo.com\/es\/actividades\/","title":{"rendered":"Actividades"},"content":{"rendered":"<div class=\"one withsmallpadding \" >\n<div class=\"page_content_wrapper\">\n<p style=\"text-align: justify;\"><b>Playas<\/b><\/p>\n<p style=\"text-align: justify;\"> Recorre la bah\u00eda y playas de portobelo en nuestros  botes, en una aventura muy bella donde disfrutaras de impresionantes vistas y vivencias \u00fanicas. <\/p>\n<\/div>\n<\/div>\n<div class=\"one ppb_gallery withpadding \" \">\n<div class=\"page_content_wrapper \" style=\"text-align:center\">\n<div class=\"three_cols portfolio_filter_wrapper gallery section content clearfix\">\n<div class=\"element portfolio3filter_wrapper\">\n<div class=\"one_third gallery3 filterable gallery_type animated1 \"><a title=\"\" class=\"fancy-gallery\" href=\"http:\/\/casacongo.fundacionbp.org\/es\/wp-content\/uploads\/2017\/06\/JPGE-2-12-1.jpg\"><img decoding=\"async\" src=\"http:\/\/casacongo.fundacionbp.org\/es\/wp-content\/uploads\/2017\/06\/JPGE-2-12-1-560x460.jpg\" alt=\"\" class=\"\"\/><\/a><\/div>\n<\/div>\n<div class=\"element portfolio3filter_wrapper\">\n<div class=\"one_third gallery3 filterable gallery_type animated2 \"><a title=\"\" class=\"fancy-gallery\" href=\"http:\/\/casacongo.fundacionbp.org\/es\/wp-content\/uploads\/2017\/06\/JPGE-2-74.jpg\"><img decoding=\"async\" src=\"http:\/\/casacongo.fundacionbp.org\/es\/wp-content\/uploads\/2017\/06\/JPGE-2-74-560x460.jpg\" alt=\"\" class=\"\"\/><\/a><\/div>\n<\/div>\n<div class=\"element portfolio3filter_wrapper\">\n<div class=\"one_third gallery3 filterable gallery_type animated3 \"><a title=\"\" class=\"fancy-gallery\" href=\"http:\/\/casacongo.fundacionbp.org\/es\/wp-content\/uploads\/2017\/06\/JPGE-2-71.jpg\"><img decoding=\"async\" src=\"http:\/\/casacongo.fundacionbp.org\/es\/wp-content\/uploads\/2017\/06\/JPGE-2-71-560x460.jpg\" alt=\"\" class=\"\"\/><\/a><\/div>\n<\/div>\n<\/div>\n<\/div>\n<\/div>\n<div class=\"one withsmallpadding \" >\n<div class=\"page_content_wrapper\">\n<p style=\"text-align: justify;\"><strong>Buceo<\/strong><\/p>\n<p style=\"text-align: justify;\"> Venga a explorar el mundo de las profundidades de playas de Portobelo, una experiencia \u00fanica donde podr\u00e1s conocer m\u00faltiples especies de flora y fauna marinas y observar parte de nuestra historia. <\/p>\n<\/div>\n<\/div>\n<div class=\"one ppb_gallery withpadding \" \">\n<div class=\"page_content_wrapper \" style=\"text-align:center\">\n<div class=\"three_cols portfolio_filter_wrapper gallery section content clearfix\">\n<div class=\"element portfolio3filter_wrapper\">\n<div class=\"one_third gallery3 filterable gallery_type animated1 \"><a title=\"\" class=\"fancy-gallery\" href=\"http:\/\/casacongo.fundacionbp.org\/es\/wp-content\/uploads\/2017\/01\/IMG_1646.jpg\"><img decoding=\"async\" src=\"http:\/\/casacongo.fundacionbp.org\/es\/wp-content\/uploads\/2017\/01\/IMG_1646-560x460.jpg\" alt=\"\" class=\"\"\/><\/a><\/div>\n<\/div>\n<div class=\"element portfolio3filter_wrapper\">\n<div class=\"one_third gallery3 filterable gallery_type animated2 \"><a title=\"\" class=\"fancy-gallery\" href=\"http:\/\/casacongo.fundacionbp.org\/es\/wp-content\/uploads\/2017\/01\/IMG_1636.jpg\"><img decoding=\"async\" src=\"http:\/\/casacongo.fundacionbp.org\/es\/wp-content\/uploads\/2017\/01\/IMG_1636-560x460.jpg\" alt=\"\" class=\"\"\/><\/a><\/div>\n<\/div>\n<div class=\"element portfolio3filter_wrapper\">\n<div class=\"one_third gallery3 filterable gallery_type animated3 \"><a title=\"\" class=\"fancy-gallery\" href=\"http:\/\/casacongo.fundacionbp.org\/es\/wp-content\/uploads\/2017\/01\/IMG_1633.jpg\"><img decoding=\"async\" src=\"http:\/\/casacongo.fundacionbp.org\/es\/wp-content\/uploads\/2017\/01\/IMG_1633-560x460.jpg\" alt=\"\" class=\"\"\/><\/a><\/div>\n<\/div>\n<\/div>\n<\/div>\n<\/div>\n<div class=\"one withsmallpadding \" >\n<div class=\"page_content_wrapper\">\n<p style=\"text-align: justify;\"><strong>Pesca <\/strong><\/p>\n<p style=\"text-align: justify;\">Toma el desaf\u00edo de la pesca con ca\u00f1a y vive la experiencia, donde cultivaras muchas virtudes y estar\u00e1s en contacto directo con la fauna marina. <\/p>\n<\/div>\n<\/div>\n<div class=\"one ppb_gallery withpadding \" \">\n<div class=\"page_content_wrapper \" style=\"text-align:center\">\n<div class=\"three_cols portfolio_filter_wrapper gallery section content clearfix\">\n<div class=\"element portfolio3filter_wrapper\">\n<div class=\"one_third gallery3 filterable gallery_type animated1 \"><a title=\"\" class=\"fancy-gallery\" href=\"http:\/\/casacongo.fundacionbp.org\/es\/wp-content\/uploads\/2015\/12\/AFE3589.jpg\"><img decoding=\"async\" src=\"http:\/\/casacongo.fundacionbp.org\/es\/wp-content\/uploads\/2015\/12\/AFE3589-560x460.jpg\" alt=\"\" class=\"\"\/><\/a><\/div>\n<\/div>\n<div class=\"element portfolio3filter_wrapper\">\n<div class=\"one_third gallery3 filterable gallery_type animated2 \"><a title=\"\" class=\"fancy-gallery\" href=\"http:\/\/casacongo.fundacionbp.org\/es\/wp-content\/uploads\/2015\/12\/panama-febrero-05-101.jpg\"><img decoding=\"async\" src=\"http:\/\/casacongo.fundacionbp.org\/es\/wp-content\/uploads\/2015\/12\/panama-febrero-05-101-560x460.jpg\" alt=\"\" class=\"\"\/><\/a><\/div>\n<\/div>\n<div class=\"element portfolio3filter_wrapper\">\n<div class=\"one_third gallery3 filterable gallery_type animated3 \"><a title=\"\" class=\"fancy-gallery\" href=\"http:\/\/casacongo.fundacionbp.org\/es\/wp-content\/uploads\/2015\/12\/IMG_594i6.jpg\"><img decoding=\"async\" src=\"http:\/\/casacongo.fundacionbp.org\/es\/wp-content\/uploads\/2015\/12\/IMG_594i6-560x460.jpg\" alt=\"\" class=\"\"\/><\/a><\/div>\n<\/div>\n<\/div>\n<\/div>\n<\/div>\n<div class=\"one withsmallpadding \" >\n<div class=\"page_content_wrapper\">\n<p style=\"text-align: justify;\"><strong>Kayack<\/strong><\/p>\n<p style=\"text-align: justify;\">Navega la bah\u00eda y r\u00edos cercanos viviendo un encuentro cercano con la flora y la fauna, individualmente, en pareja o familia utilizando la t\u00e9cnica del remo. <\/p>\n<\/div>\n<\/div>\n<div class=\"one ppb_gallery withpadding \" \">\n<div class=\"page_content_wrapper \" style=\"text-align:center\">\n<div class=\"three_cols portfolio_filter_wrapper gallery section content clearfix\">\n<div class=\"element portfolio3filter_wrapper\">\n<div class=\"one_third gallery3 filterable gallery_type animated1 \"><a title=\"\" class=\"fancy-gallery\" href=\"http:\/\/casacongo.fundacionbp.org\/es\/wp-content\/uploads\/2017\/06\/JPGE-15.jpg\"><img decoding=\"async\" src=\"http:\/\/casacongo.fundacionbp.org\/es\/wp-content\/uploads\/2017\/06\/JPGE-15-560x460.jpg\" alt=\"\" class=\"\"\/><\/a><\/div>\n<\/div>\n<div class=\"element portfolio3filter_wrapper\">\n<div class=\"one_third gallery3 filterable gallery_type animated2 \"><a title=\"\" class=\"fancy-gallery\" href=\"http:\/\/casacongo.fundacionbp.org\/es\/wp-content\/uploads\/2017\/06\/JPGE-17.jpg\"><img decoding=\"async\" src=\"http:\/\/casacongo.fundacionbp.org\/es\/wp-content\/uploads\/2017\/06\/JPGE-17-560x460.jpg\" alt=\"\" class=\"\"\/><\/a><\/div>\n<\/div>\n<div class=\"element portfolio3filter_wrapper\">\n<div class=\"one_third gallery3 filterable gallery_type animated3 \"><a title=\"\" class=\"fancy-gallery\" href=\"http:\/\/casacongo.fundacionbp.org\/es\/wp-content\/uploads\/2017\/06\/JPGE-18-1.jpg\"><img decoding=\"async\" src=\"http:\/\/casacongo.fundacionbp.org\/es\/wp-content\/uploads\/2017\/06\/JPGE-18-1-560x460.jpg\" alt=\"\" class=\"\"\/><\/a><\/div>\n<\/div>\n<\/div>\n<\/div>\n<\/div>\n<div class=\"one withsmallpadding \" >\n<div class=\"page_content_wrapper\">\n<p style=\"text-align: justify;\"><strong>Ski Acu\u00e1tico<\/strong><\/p>\n<p style=\"text-align: justify;\">Disfruta de esta actividad y las bondades que nos ofrece el lugar en la pr\u00e1ctica de este deporte recorriendo toda la bah\u00eda.<\/p>\n<\/div>\n<\/div>\n<div class=\"one ppb_gallery withpadding \" \">\n<div class=\"page_content_wrapper \" style=\"text-align:center\">\n<div class=\"three_cols portfolio_filter_wrapper gallery section content clearfix\">\n<div class=\"element portfolio3filter_wrapper\">\n<div class=\"one_third gallery3 filterable gallery_type animated1 \"><a title=\"\" class=\"fancy-gallery\" href=\"http:\/\/casacongo.fundacionbp.org\/es\/wp-content\/uploads\/2015\/11\/AO-DI0259-1713.jpg\"><img decoding=\"async\" src=\"http:\/\/casacongo.fundacionbp.org\/es\/wp-content\/uploads\/2015\/11\/AO-DI0259-1713-560x460.jpg\" alt=\"\" class=\"\"\/><\/a><\/div>\n<\/div>\n<div class=\"element portfolio3filter_wrapper\">\n<div class=\"one_third gallery3 filterable gallery_type animated2 \"><a title=\"\" class=\"fancy-gallery\" href=\"http:\/\/casacongo.fundacionbp.org\/es\/wp-content\/uploads\/2015\/11\/AO-DI0259-1777.jpg\"><img decoding=\"async\" src=\"http:\/\/casacongo.fundacionbp.org\/es\/wp-content\/uploads\/2015\/11\/AO-DI0259-1777-560x460.jpg\" alt=\"\" class=\"\"\/><\/a><\/div>\n<\/div>\n<div class=\"element portfolio3filter_wrapper\">\n<div class=\"one_third gallery3 filterable gallery_type animated3 \"><a title=\"\" class=\"fancy-gallery\" href=\"http:\/\/casacongo.fundacionbp.org\/es\/wp-content\/uploads\/2015\/11\/AO-DI0259-1800.jpg\"><img decoding=\"async\" src=\"http:\/\/casacongo.fundacionbp.org\/es\/wp-content\/uploads\/2015\/11\/AO-DI0259-1800-560x460.jpg\" alt=\"\" class=\"\"\/><\/a><\/div>\n<\/div>\n<\/div>\n<\/div>\n<\/div>\n<div class=\"one withsmallpadding \" >\n<div class=\"page_content_wrapper\">\n<p style=\"text-align: justify;\"><b>Banana Boat<\/b><\/p>\n<p style=\"text-align: justify;\">Date el placer de disfrutar en familia, recorre toda la bah\u00eda y vive algo diferente que nunca olvidar\u00e1n.<\/p>\n<\/div>\n<\/div>\n<div class=\"one ppb_gallery withpadding \" \">\n<div class=\"page_content_wrapper \" style=\"text-align:center\"><\/div>\n<\/div>\n<div class=\"one withsmallpadding \" >\n<div class=\"page_content_wrapper\">\n<p style=\"text-align: justify;\"><strong>Senderismo<\/strong><\/p>\n<p style=\"text-align: justify;\">Vive la experiencia de explorar e interactuar con la naturaleza, y ayudanos a difundir la riqueza del lugar promoviendo la conservacion de los recursos naturales y culturales de Panam\u00e1<\/p>\n<\/div>\n<\/div>\n<div class=\"one ppb_gallery withpadding \" \">\n<div class=\"page_content_wrapper \" style=\"text-align:center\">\n<div class=\"three_cols portfolio_filter_wrapper gallery section content clearfix\">\n<div class=\"element portfolio3filter_wrapper\">\n<div class=\"one_third gallery3 filterable gallery_type animated1 \"><a title=\"\" class=\"fancy-gallery\" href=\"http:\/\/casacongo.fundacionbp.org\/es\/wp-content\/uploads\/2017\/06\/JPGE-2-7-1.jpg\"><img decoding=\"async\" src=\"http:\/\/casacongo.fundacionbp.org\/es\/wp-content\/uploads\/2017\/06\/JPGE-2-7-1-560x460.jpg\" alt=\"\" class=\"\"\/><\/a><\/div>\n<\/div>\n<div class=\"element portfolio3filter_wrapper\">\n<div class=\"one_third gallery3 filterable gallery_type animated2 \"><a title=\"\" class=\"fancy-gallery\" href=\"http:\/\/casacongo.fundacionbp.org\/es\/wp-content\/uploads\/2015\/12\/AFE0019.jpg\"><img decoding=\"async\" src=\"http:\/\/casacongo.fundacionbp.org\/es\/wp-content\/uploads\/2015\/12\/AFE0019-560x460.jpg\" alt=\"\" class=\"\"\/><\/a><\/div>\n<\/div>\n<div class=\"element portfolio3filter_wrapper\">\n<div class=\"one_third gallery3 filterable gallery_type animated3 \"><a title=\"\" class=\"fancy-gallery\" href=\"http:\/\/casacongo.fundacionbp.org\/es\/wp-content\/uploads\/2015\/12\/AFE6616.jpg\"><img decoding=\"async\" src=\"http:\/\/casacongo.fundacionbp.org\/es\/wp-content\/uploads\/2015\/12\/AFE6616-560x460.jpg\" alt=\"\" class=\"\"\/><\/a><\/div>\n<\/div>\n<\/div>\n<\/div>\n<\/div>\n<div class=\"one withsmallpadding \" >\n<div class=\"page_content_wrapper\">\n<p style=\"text-align: justify;\"><b>Caminata hist\u00f3rico por Portobelo<\/b><\/p>\n<p style=\"text-align: justify;\"> Disfruta la oportunidad de conocer la historia y tradiciones de las comunidades Afroamericanas, nuestras raices de la fuente original del lugar. <\/p>\n<\/div>\n<\/div>\n<div class=\"one ppb_gallery withpadding \" \">\n<div class=\"page_content_wrapper \" style=\"text-align:center\">\n<div class=\"three_cols portfolio_filter_wrapper gallery section content clearfix\">\n<div class=\"element portfolio3filter_wrapper\">\n<div class=\"one_third gallery3 filterable gallery_type animated1 \"><a title=\"\" class=\"fancy-gallery\" href=\"http:\/\/casacongo.fundacionbp.org\/es\/wp-content\/uploads\/2015\/12\/AFE2621.jpg\"><img decoding=\"async\" src=\"http:\/\/casacongo.fundacionbp.org\/es\/wp-content\/uploads\/2015\/12\/AFE2621-560x460.jpg\" alt=\"\" class=\"\"\/><\/a><\/div>\n<\/div>\n<div class=\"element portfolio3filter_wrapper\">\n<div class=\"one_third gallery3 filterable gallery_type animated2 \"><a title=\"\" class=\"fancy-gallery\" href=\"http:\/\/casacongo.fundacionbp.org\/es\/wp-content\/uploads\/2015\/12\/AFE3412.jpg\"><img decoding=\"async\" src=\"http:\/\/casacongo.fundacionbp.org\/es\/wp-content\/uploads\/2015\/12\/AFE3412-560x460.jpg\" alt=\"\" class=\"\"\/><\/a><\/div>\n<\/div>\n<div class=\"element portfolio3filter_wrapper\">\n<div class=\"one_third gallery3 filterable gallery_type animated3 \"><a title=\"\" class=\"fancy-gallery\" href=\"http:\/\/casacongo.fundacionbp.org\/es\/wp-content\/uploads\/2015\/12\/AFE8363.jpg\"><img decoding=\"async\" src=\"http:\/\/casacongo.fundacionbp.org\/es\/wp-content\/uploads\/2015\/12\/AFE8363-560x460.jpg\" alt=\"\" class=\"\"\/><\/a><\/div>\n<\/div>\n<div class=\"element portfolio3filter_wrapper\">\n<div class=\"one_third gallery3 filterable gallery_type animated4 last\"><a title=\"\" class=\"fancy-gallery\" href=\"http:\/\/casacongo.fundacionbp.org\/es\/wp-content\/uploads\/2015\/12\/AFE8506.jpg\"><img decoding=\"async\" src=\"http:\/\/casacongo.fundacionbp.org\/es\/wp-content\/uploads\/2015\/12\/AFE8506-560x460.jpg\" alt=\"\" class=\"\"\/><\/a><\/div>\n<\/div>\n<div class=\"element portfolio3filter_wrapper\">\n<div class=\"one_third gallery3 filterable gallery_type animated5 \"><a title=\"\" class=\"fancy-gallery\" href=\"http:\/\/casacongo.fundacionbp.org\/es\/wp-content\/uploads\/2015\/12\/IMG_8444.jpg\"><img decoding=\"async\" src=\"http:\/\/casacongo.fundacionbp.org\/es\/wp-content\/uploads\/2015\/12\/IMG_8444-560x460.jpg\" alt=\"\" class=\"\"\/><\/a><\/div>\n<\/div>\n<div class=\"element portfolio3filter_wrapper\">\n<div class=\"one_third gallery3 filterable gallery_type animated6 \"><a title=\"\" class=\"fancy-gallery\" href=\"http:\/\/casacongo.fundacionbp.org\/es\/wp-content\/uploads\/2015\/12\/PRU_187r34.jpg\"><img decoding=\"async\" src=\"http:\/\/casacongo.fundacionbp.org\/es\/wp-content\/uploads\/2015\/12\/PRU_187r34-560x460.jpg\" alt=\"\" class=\"\"\/><\/a><\/div>\n<\/div>\n<\/div>\n<\/div>\n<\/div>\n<div class=\"one withsmallpadding \" >\n<div class=\"page_content_wrapper\">\n<p style=\"text-align: justify;\"><b>Paseo en la Faraona<\/b><\/p>\n<p style=\"text-align: justify;\">Vive la experiencia de contacto directo de la fauna y flora del lugar, sus hermosos paisajes  y un tremendo atardecer en compa\u00f1\u00eda de tu pareja y disfrutando de una refrescante bebida y ceviche.<br \/>\n.<\/p>\n<\/div>\n<\/div>\n<div class=\"one ppb_gallery withpadding \" \">\n<div class=\"page_content_wrapper \" style=\"text-align:center\">\n<div class=\"three_cols portfolio_filter_wrapper gallery section content clearfix\">\n<div class=\"element portfolio3filter_wrapper\">\n<div class=\"one_third gallery3 filterable gallery_type animated1 \"><a title=\"\" class=\"fancy-gallery\" href=\"http:\/\/casacongo.fundacionbp.org\/es\/wp-content\/uploads\/2015\/12\/AFE3493.jpg\"><img decoding=\"async\" src=\"http:\/\/casacongo.fundacionbp.org\/es\/wp-content\/uploads\/2015\/12\/AFE3493-560x460.jpg\" alt=\"\" class=\"\"\/><\/a><\/div>\n<\/div>\n<div class=\"element portfolio3filter_wrapper\">\n<div class=\"one_third gallery3 filterable gallery_type animated2 \"><a title=\"\" class=\"fancy-gallery\" href=\"http:\/\/casacongo.fundacionbp.org\/es\/wp-content\/uploads\/2015\/12\/Portobelo-El-otro-lado14.jpg\"><img decoding=\"async\" src=\"http:\/\/casacongo.fundacionbp.org\/es\/wp-content\/uploads\/2015\/12\/Portobelo-El-otro-lado14-560x460.jpg\" alt=\"\" class=\"\"\/><\/a><\/div>\n<\/div>\n<div class=\"element portfolio3filter_wrapper\">\n<div class=\"one_third gallery3 filterable gallery_type animated3 \"><a title=\"\" class=\"fancy-gallery\" href=\"http:\/\/casacongo.fundacionbp.org\/es\/wp-content\/uploads\/2015\/12\/AFE3442.jpg\"><img decoding=\"async\" src=\"http:\/\/casacongo.fundacionbp.org\/es\/wp-content\/uploads\/2015\/12\/AFE3442-560x460.jpg\" alt=\"\" class=\"\"\/><\/a><\/div>\n<\/div>\n<div class=\"element portfolio3filter_wrapper\">\n<div class=\"one_third gallery3 filterable gallery_type animated4 last\"><a title=\"\" class=\"fancy-gallery\" href=\"http:\/\/casacongo.fundacionbp.org\/es\/wp-content\/uploads\/2015\/12\/AFE4049.jpg\"><img decoding=\"async\" src=\"http:\/\/casacongo.fundacionbp.org\/es\/wp-content\/uploads\/2015\/12\/AFE4049-560x460.jpg\" alt=\"\" class=\"\"\/><\/a><\/div>\n<\/div>\n<div class=\"element portfolio3filter_wrapper\">\n<div class=\"one_third gallery3 filterable gallery_type animated5 \"><a title=\"\" class=\"fancy-gallery\" href=\"http:\/\/casacongo.fundacionbp.org\/es\/wp-content\/uploads\/2015\/12\/AFE3512.jpg\"><img decoding=\"async\" src=\"http:\/\/casacongo.fundacionbp.org\/es\/wp-content\/uploads\/2015\/12\/AFE3512-560x460.jpg\" alt=\"\" class=\"\"\/><\/a><\/div>\n<\/div>\n<div class=\"element portfolio3filter_wrapper\">\n<div class=\"one_third gallery3 filterable gallery_type animated6 \"><a title=\"\" class=\"fancy-gallery\" href=\"http:\/\/casacongo.fundacionbp.org\/es\/wp-content\/uploads\/2015\/12\/AFE3556.jpg\"><img decoding=\"async\" src=\"http:\/\/casacongo.fundacionbp.org\/es\/wp-content\/uploads\/2015\/12\/AFE3556-560x460.jpg\" alt=\"\" class=\"\"\/><\/a><\/div>\n<\/div>\n<\/div>\n<\/div>\n<\/div>\n<div class=\"one withsmallpadding \" >\n<div class=\"page_content_wrapper\">\n<p style=\"text-align: justify;\"><b>Taller de arte<\/b><\/p>\n<p style=\"text-align: justify;\"> Diversos artistas con una enorme variedad cultural en Portobelo est\u00e1n disponible para ense\u00f1arle, vivir\u00e1 la experiencia de pintar guiado por un artista originario y el producto de su labor lo llevar\u00e1 a casa como un recuerdo invalorable. <\/p>\n<\/div>\n<\/div>\n<div class=\"one ppb_gallery withpadding \" \">\n<div class=\"page_content_wrapper \" style=\"text-align:center\">\n<div class=\"three_cols portfolio_filter_wrapper gallery section content clearfix\">\n<div class=\"element portfolio3filter_wrapper\">\n<div class=\"one_third gallery3 filterable gallery_type animated1 \"><a title=\"\" class=\"fancy-gallery\" href=\"http:\/\/casacongo.fundacionbp.org\/es\/wp-content\/uploads\/2015\/12\/AO-DI0258-0812.jpg\"><img decoding=\"async\" src=\"http:\/\/casacongo.fundacionbp.org\/es\/wp-content\/uploads\/2015\/12\/AO-DI0258-0812-560x460.jpg\" alt=\"\" class=\"\"\/><\/a><\/div>\n<\/div>\n<div class=\"element portfolio3filter_wrapper\">\n<div class=\"one_third gallery3 filterable gallery_type animated2 \"><a title=\"\" class=\"fancy-gallery\" href=\"http:\/\/casacongo.fundacionbp.org\/es\/wp-content\/uploads\/2015\/11\/AO-DI0258-0393.jpg\"><img decoding=\"async\" src=\"http:\/\/casacongo.fundacionbp.org\/es\/wp-content\/uploads\/2015\/11\/AO-DI0258-0393-560x460.jpg\" alt=\"\" class=\"\"\/><\/a><\/div>\n<\/div>\n<div class=\"element portfolio3filter_wrapper\">\n<div class=\"one_third gallery3 filterable gallery_type animated3 \"><a title=\"\" class=\"fancy-gallery\" href=\"http:\/\/casacongo.fundacionbp.org\/es\/wp-content\/uploads\/2015\/11\/IMG_9057.jpg\"><img decoding=\"async\" src=\"http:\/\/casacongo.fundacionbp.org\/es\/wp-content\/uploads\/2015\/11\/IMG_9057-560x460.jpg\" alt=\"\" class=\"\"\/><\/a><\/div>\n<\/div>\n<\/div>\n<\/div>\n<\/div>\n<div class=\"one withsmallpadding \" >\n<div class=\"page_content_wrapper\">\n<p style=\"text-align: justify;\"><b>Bailes y m\u00fasica<\/b><\/p>\n<p style=\"text-align: justify;\"> El baile y la m\u00fasica son las expresiones culturales de mayor valor cualquier lugar participa de primera mano con la  variedad cultural en Portobelo, donde grupos \u00e9tnicos, bailes, lenguas y eventos populares fuertemente arraigados reafirman la identidad del lugar..<\/p>\n<\/div>\n<\/div>\n<div class=\"one ppb_gallery withpadding \" \">\n<div class=\"page_content_wrapper \" style=\"text-align:center\">\n<div class=\"three_cols portfolio_filter_wrapper gallery section content clearfix\">\n<div class=\"element portfolio3filter_wrapper\">\n<div class=\"one_third gallery3 filterable gallery_type animated1 \"><a title=\"\" class=\"fancy-gallery\" href=\"http:\/\/casacongo.fundacionbp.org\/es\/wp-content\/uploads\/2015\/11\/AFE0942m.jpg\"><img decoding=\"async\" src=\"http:\/\/casacongo.fundacionbp.org\/es\/wp-content\/uploads\/2015\/11\/AFE0942m.jpg\" alt=\"\" class=\"\"\/><\/a><\/div>\n<\/div>\n<div class=\"element portfolio3filter_wrapper\">\n<div class=\"one_third gallery3 filterable gallery_type animated2 \"><a title=\"\" class=\"fancy-gallery\" href=\"http:\/\/casacongo.fundacionbp.org\/es\/wp-content\/uploads\/2015\/11\/Portobelo-El-otro-lado162.jpg\"><img decoding=\"async\" src=\"http:\/\/casacongo.fundacionbp.org\/es\/wp-content\/uploads\/2015\/11\/Portobelo-El-otro-lado162.jpg\" alt=\"\" class=\"\"\/><\/a><\/div>\n<\/div>\n<div class=\"element portfolio3filter_wrapper\">\n<div class=\"one_third gallery3 filterable gallery_type animated3 \"><a title=\"\" class=\"fancy-gallery\" href=\"http:\/\/casacongo.fundacionbp.org\/es\/wp-content\/uploads\/2015\/11\/AFE85nm24-1.jpg\"><img decoding=\"async\" src=\"http:\/\/casacongo.fundacionbp.org\/es\/wp-content\/uploads\/2015\/11\/AFE85nm24-1.jpg\" alt=\"\" class=\"\"\/><\/a><\/div>\n<\/div>\n<\/div>\n<\/div>\n<\/div>\n<div class=\"one withsmallpadding \" >\n<div class=\"page_content_wrapper\">\n<p style=\"text-align: justify;\"><b>\u00bfQu\u00e9 traer? <\/b>Debido a que la mayor parte de las actividades son al aire libre y se encuentra en los tr\u00f3picos, se recomienda ropa ligera, sombrero y un calzado c\u00f3modo. <b>En su habitaci\u00f3n<\/b> encontrara protector solar y repelente de insectos, los cuales le ser\u00e1n \u00fatil durante su estad\u00eda. <b>Nuestro staff:<\/b> La mayor\u00eda de nuestros colaboradores son nacidos en Portobelo por lo que est\u00e1n muy familiarizados con la propiedad y sus alrededores, aproveche su conocimiento y colaboraci\u00f3n para crear experiencias \u00fanicas.  No olvide su c\u00e1mara \u2026 mire y disfrute. Cada lugar es \u00fanico. <b>Nuestros botes<\/b> est\u00e1n equipados con chalecos salvavidas, adem\u00e1s de toallas secas y un cooler o picnic seg\u00fan la actividad que haya seleccionado. De igual manera, ponemos a su disposici\u00f3n equipos de snorkel.<\/p>\n<\/div>\n<\/div>\n","protected":false},"excerpt":{"rendered":"<p>Let the sea and the jungle set you free<\/p>\n","protected":false},"author":1,"featured_media":5889,"parent":0,"menu_order":4,"comment_status":"closed","ping_status":"closed","template":"page-destination.php","meta":{"footnotes":""},"class_list":["post-4149","page","type-page","status-publish","has-post-thumbnail","hentry"],"_links":{"self":[{"href":"https:\/\/www.casacongo.com\/es\/wp-json\/wp\/v2\/pages\/4149","targetHints":{"allow":["GET"]}}],"collection":[{"href":"https:\/\/www.casacongo.com\/es\/wp-json\/wp\/v2\/pages"}],"about":[{"href":"https:\/\/www.casacongo.com\/es\/wp-json\/wp\/v2\/types\/page"}],"author":[{"embeddable":true,"href":"https:\/\/www.casacongo.com\/es\/wp-json\/wp\/v2\/users\/1"}],"replies":[{"embeddable":true,"href":"https:\/\/www.casacongo.com\/es\/wp-json\/wp\/v2\/comments?post=4149"}],"version-history":[{"count":53,"href":"https:\/\/www.casacongo.com\/es\/wp-json\/wp\/v2\/pages\/4149\/revisions"}],"predecessor-version":[{"id":5929,"href":"https:\/\/www.casacongo.com\/es\/wp-json\/wp\/v2\/pages\/4149\/revisions\/5929"}],"wp:featuredmedia":[{"embeddable":true,"href":"https:\/\/www.casacongo.com\/es\/wp-json\/wp\/v2\/media\/5889"}],"wp:attachment":[{"href":"https:\/\/www.casacongo.com\/es\/wp-json\/wp\/v2\/media?parent=4149"}],"curies":[{"name":"wp","href":"https:\/\/api.w.org\/{rel}","templated":true}]}}