{"id":4583,"date":"2015-11-05T11:09:46","date_gmt":"2015-11-05T11:09:46","guid":{"rendered":"http:\/\/www.elotrolado.com.pa\/en\/?page_id=4583"},"modified":"2025-06-27T08:49:45","modified_gmt":"2025-06-27T08:49:45","slug":"rayo-verde","status":"publish","type":"page","link":"https:\/\/www.casacongo.com\/es\/houses-2\/rayo-verde\/","title":{"rendered":"Rayo Verde"},"content":{"rendered":"<div class=\"one withsmallpadding \" >\n<div class=\"page_content_wrapper\">\n<p style=\"text-align: justify;\">Ubicada en la orilla izquierda de la Bah\u00eda de Portobelo, la planta baja de esta casa Portobele\u00f1a ha sido restaurada para ofrecerle a los visitantes del pueblo cuatro habitaciones encantadoras y sencillas para su estad\u00eda.<\/p>\n<p>Cada una de las habitaciones cuentan con ba\u00f1o privado, ventilador, aire acondicionado, mini-nevera &#038; hamaca. La terraza com\u00fan de Casa del Rayo Verde te regala atardeceres inolvidables y vistas maravillosas de la Bah\u00eda de Portobelo.<\/p>\n<p><strong><a href=\"http:\/\/alojamientos.fundacionbp.org\/en\/houses-2\/rayo-verde\/verde-selva\/\">Verde selva (capacidad 2 personas)<br \/>\n<\/a><\/strong><br \/>\n<strong> <a href=\"http:\/\/alojamientos.fundacionbp.org\/en\/houses-2\/rayo-verde\/verde-calma\/\">Verde calma (capacidad 2 personas)<br \/>\n<\/a><\/strong><br \/>\n<strong> <a href=\"http:\/\/alojamientos.fundacionbp.org\/en\/houses-2\/rayo-verde\/verde-luna\/\">Verde luna\u00a0(capacidad 2 personas)<br \/>\n<\/a><\/strong><br \/>\n<strong> <a href=\"http:\/\/alojamientos.fundacionbp.org\/en\/houses-2\/rayo-verde\/verde-mar\/\">Verde mar\u00a0(capacidad 2 personas)<\/a><\/strong><br \/>\n<strong> <a href=\" http:\/\/casacongo.fundacionbp.org\/es\/houses-2\/rayo-verde\/borealis\/\">Borealis (alojamiento familiar)<\/a><\/strong><\/p>\n<\/div>\n<\/div>\n<div class=\"one ppb_gallery withpadding \" \">\n<div class=\"page_content_wrapper \" style=\"text-align:center\">\n<div class=\"three_cols portfolio_filter_wrapper gallery section content clearfix\">\n<div class=\"element portfolio3filter_wrapper\">\n<div class=\"one_third gallery3 filterable gallery_type animated1 \"><a title=\"\" class=\"fancy-gallery\" href=\"https:\/\/www.casacongo.com\/es\/wp-content\/uploads\/2016\/10\/AO-DI0258-0958.jpg\"><img decoding=\"async\" src=\"https:\/\/www.casacongo.com\/es\/wp-content\/uploads\/2016\/10\/AO-DI0258-0958-560x460.jpg\" alt=\"\" class=\"\"\/><\/a><\/div>\n<\/div>\n<div class=\"element portfolio3filter_wrapper\">\n<div class=\"one_third gallery3 filterable gallery_type animated2 \"><a title=\"\" class=\"fancy-gallery\" href=\"https:\/\/www.casacongo.com\/es\/wp-content\/uploads\/2017\/01\/AO-DI0258-0847.jpg\"><img decoding=\"async\" src=\"https:\/\/www.casacongo.com\/es\/wp-content\/uploads\/2017\/01\/AO-DI0258-0847-560x460.jpg\" alt=\"\" class=\"\"\/><\/a><\/div>\n<\/div>\n<div class=\"element portfolio3filter_wrapper\">\n<div class=\"one_third gallery3 filterable gallery_type animated3 \"><a title=\"\" class=\"fancy-gallery\" href=\"https:\/\/www.casacongo.com\/es\/wp-content\/uploads\/2017\/01\/AO-DI0258-0589.jpg\"><img decoding=\"async\" src=\"https:\/\/www.casacongo.com\/es\/wp-content\/uploads\/2017\/01\/AO-DI0258-0589-560x460.jpg\" alt=\"\" class=\"\"\/><\/a><\/div>\n<\/div>\n<div class=\"element portfolio3filter_wrapper\">\n<div class=\"one_third gallery3 filterable gallery_type animated4 last\"><a title=\"\" class=\"fancy-gallery\" href=\"https:\/\/www.casacongo.com\/es\/wp-content\/uploads\/2017\/01\/AO-DI0258-0938.jpg\"><img decoding=\"async\" src=\"https:\/\/www.casacongo.com\/es\/wp-content\/uploads\/2017\/01\/AO-DI0258-0938-560x460.jpg\" alt=\"\" class=\"\"\/><\/a><\/div>\n<\/div>\n<div class=\"element portfolio3filter_wrapper\">\n<div class=\"one_third gallery3 filterable gallery_type animated5 \"><a title=\"\" class=\"fancy-gallery\" href=\"https:\/\/www.casacongo.com\/es\/wp-content\/uploads\/2015\/11\/AO-DI0258-0877.jpg\"><img decoding=\"async\" src=\"https:\/\/www.casacongo.com\/es\/wp-content\/uploads\/2015\/11\/AO-DI0258-0877-560x460.jpg\" alt=\"\" class=\"\"\/><\/a><\/div>\n<\/div>\n<div class=\"element portfolio3filter_wrapper\">\n<div class=\"one_third gallery3 filterable gallery_type animated6 \"><a title=\"\" class=\"fancy-gallery\" href=\"https:\/\/www.casacongo.com\/es\/wp-content\/uploads\/2017\/01\/AO-DI0258-0908.jpg\"><img decoding=\"async\" src=\"https:\/\/www.casacongo.com\/es\/wp-content\/uploads\/2017\/01\/AO-DI0258-0908-560x460.jpg\" alt=\"\" class=\"\"\/><\/a><\/div>\n<\/div>\n<\/div>\n<\/div>\n<\/div>\n","protected":false},"excerpt":{"rendered":"<p>Ubicada en la orilla izquierda de la Bah\u00eda de Portobelo, la planta baja de esta casa Portobele\u00f1a ha sido restaurada para ofrecerle a los visitantes del pueblo cuatro habitaciones encantadoras y sencillas para su estad\u00eda. Cada una de las habitaciones cuentan con ba\u00f1o privado, ventilador, aire [&hellip;]<\/p>\n","protected":false},"author":1,"featured_media":6069,"parent":3681,"menu_order":0,"comment_status":"closed","ping_status":"closed","template":"page-destination sin texto.php","meta":{"footnotes":""},"class_list":["post-4583","page","type-page","status-publish","has-post-thumbnail","hentry"],"_links":{"self":[{"href":"https:\/\/www.casacongo.com\/es\/wp-json\/wp\/v2\/pages\/4583","targetHints":{"allow":["GET"]}}],"collection":[{"href":"https:\/\/www.casacongo.com\/es\/wp-json\/wp\/v2\/pages"}],"about":[{"href":"https:\/\/www.casacongo.com\/es\/wp-json\/wp\/v2\/types\/page"}],"author":[{"embeddable":true,"href":"https:\/\/www.casacongo.com\/es\/wp-json\/wp\/v2\/users\/1"}],"replies":[{"embeddable":true,"href":"https:\/\/www.casacongo.com\/es\/wp-json\/wp\/v2\/comments?post=4583"}],"version-history":[{"count":24,"href":"https:\/\/www.casacongo.com\/es\/wp-json\/wp\/v2\/pages\/4583\/revisions"}],"predecessor-version":[{"id":6080,"href":"https:\/\/www.casacongo.com\/es\/wp-json\/wp\/v2\/pages\/4583\/revisions\/6080"}],"up":[{"embeddable":true,"href":"https:\/\/www.casacongo.com\/es\/wp-json\/wp\/v2\/pages\/3681"}],"wp:featuredmedia":[{"embeddable":true,"href":"https:\/\/www.casacongo.com\/es\/wp-json\/wp\/v2\/media\/6069"}],"wp:attachment":[{"href":"https:\/\/www.casacongo.com\/es\/wp-json\/wp\/v2\/media?parent=4583"}],"curies":[{"name":"wp","href":"https:\/\/api.w.org\/{rel}","templated":true}]}}