{"id":4586,"date":"2015-11-05T11:09:46","date_gmt":"2015-11-05T11:09:46","guid":{"rendered":"http:\/\/www.elotrolado.com.pa\/en\/?page_id=4586"},"modified":"2025-09-15T15:48:18","modified_gmt":"2025-09-15T15:48:18","slug":"casa-congo","status":"publish","type":"page","link":"https:\/\/www.casacongo.com\/es\/houses-2\/casa-congo\/","title":{"rendered":"Casa Congo"},"content":{"rendered":"<div class=\"one withsmallpadding \" >\n<div class=\"page_content_wrapper\">\n<p style=\"text-align: justify;\">La Casa Congo, ubicada frente a la hist\u00f3rica Bah\u00eda de Portobelo, cuenta con 4 habitaciones que reflejan la identidad cultural y arte local, cada habitaci\u00f3n esta identificada con un nombre alusivo a la tradici\u00f3n de la danza congo:<\/p>\n<p>Reina Congo<br \/>\nRey Congo<br \/>\nPajarito<br \/>\nTamborero<\/p>\n<p>Todas las habitaciones de Casa Congo est\u00e1n equipadas con todas las comodidades: ba\u00f1o privado, ventilador, aire acondicionado, mini bar, Televisi\u00f3n, agua caliente, amenidades entre otros, brind\u00e1ndole a nuestros hu\u00e9spedes un ambiente autentico y de confort.<\/p>\n<\/div>\n<\/div>\n<div class=\"one withsmallpadding \" >\n<div class=\"page_content_wrapper\">\n<p><strong><a href=\"http:\/\/alojamientos.fundacionbp.org\/en\/houses-2\/casa-congo\/suite2\/\">Reina Congo (capacidad m\u00e1xima 2 personas)<br \/>\n<\/a><\/strong><br \/>\n<strong> <a href=\"http:\/\/alojamientos.fundacionbp.org\/en\/houses-2\/casa-congo\/casa-grande-suite-3\/\">Rey Congo (capacidad m\u00e1xima 2 personas)<br \/>\n<\/a><\/strong><br \/>\n<strong> <a href=\"http:\/\/alojamientos.fundacionbp.org\/en\/houses-2\/casa-congo\/casa-grande-suite-4\/\">Pajarito\u00a0(capacidad m\u00e1xima 4 personas)<br \/>\n<\/a><\/strong><br \/>\n<strong> <a href=\"http:\/\/alojamientos.fundacionbp.org\/en\/houses-2\/casa-congo\/tamborero\/\">Tamborero\u00a0(capacidad m\u00e1xima 2 personas)<\/a><\/strong><\/p>\n<\/div>\n<\/div>\n<div class=\"one withsmallpadding \" >\n<div class=\"page_content_wrapper\">\n<p style=\"text-align: justify;\">Ubicada frente a la Bahia de Portobelo, La Casa Congo es un espacio p\u00fablico, abierto e integrador, construido para ser la sede de talleres de formaci\u00f3n, producci\u00f3n artesanal y la exaltaci\u00f3n art\u00edstica. Los visitantes podr\u00e1n experimentar varias manifestaciones del arte Congo y comprender\u00a0la importancia del rico legado hist\u00f3rico hispano-colonial y africano que posee Portobelo.<\/p>\n<p>Unir a la poblaci\u00f3n a trav\u00e9s de las diferentes manifestaciones art\u00edsticas y creativas, destacar el papel de la comunidad Portobele\u00f1a y permitirle a sus visitantes experimentar las vastas sensaciones, \u00a0tradiciones y costumbres que este pueblo ofrece son los objetivos principales de la Casa Congo.<\/p>\n<p>Los generados por la Casa Congo\u00a0son destinados al desarrollo de actividades promovidas por la Fundaci\u00f3n Bah\u00eda de Portobelo.<\/p>\n<\/div>\n<\/div>\n<div class=\"one withsmallpadding \" >\n<div class=\"page_content_wrapper\"><\/div>\n<\/div>\n<div class=\"one ppb_gallery withpadding \" \">\n<div class=\"page_content_wrapper \" style=\"text-align:center\">\n<div class=\"three_cols portfolio_filter_wrapper gallery section content clearfix\">\n<div class=\"element portfolio3filter_wrapper\">\n<div class=\"one_third gallery3 filterable gallery_type animated1 \"><a title=\"\" class=\"fancy-gallery\" href=\"https:\/\/www.casacongo.com\/es\/wp-content\/uploads\/2025\/06\/AO-DI0389-3148-scaled.jpg\"><img decoding=\"async\" src=\"https:\/\/www.casacongo.com\/es\/wp-content\/uploads\/2025\/06\/AO-DI0389-3148-560x460.jpg\" alt=\"\" class=\"\"\/><\/a><\/div>\n<\/div>\n<div class=\"element portfolio3filter_wrapper\">\n<div class=\"one_third gallery3 filterable gallery_type animated2 \"><a title=\"\" class=\"fancy-gallery\" href=\"https:\/\/www.casacongo.com\/es\/wp-content\/uploads\/2025\/06\/AO-DI0389-0987_HDR-scaled.jpg\"><img decoding=\"async\" src=\"https:\/\/www.casacongo.com\/es\/wp-content\/uploads\/2025\/06\/AO-DI0389-0987_HDR-560x460.jpg\" alt=\"\" class=\"\"\/><\/a><\/div>\n<\/div>\n<div class=\"element portfolio3filter_wrapper\">\n<div class=\"one_third gallery3 filterable gallery_type animated3 \"><a title=\"\" class=\"fancy-gallery\" href=\"https:\/\/www.casacongo.com\/es\/wp-content\/uploads\/2017\/06\/JPGE-44.jpg\"><img decoding=\"async\" src=\"https:\/\/www.casacongo.com\/es\/wp-content\/uploads\/2017\/06\/JPGE-44-560x460.jpg\" alt=\"\" class=\"\"\/><\/a><\/div>\n<\/div>\n<div class=\"element portfolio3filter_wrapper\">\n<div class=\"one_third gallery3 filterable gallery_type animated4 last\"><a title=\"\" class=\"fancy-gallery\" href=\"https:\/\/www.casacongo.com\/es\/wp-content\/uploads\/2017\/06\/JPGE-48s.jpg\"><img decoding=\"async\" src=\"https:\/\/www.casacongo.com\/es\/wp-content\/uploads\/2017\/06\/JPGE-48s-560x460.jpg\" alt=\"\" class=\"\"\/><\/a><\/div>\n<\/div>\n<\/div>\n<\/div>\n<\/div>\n","protected":false},"excerpt":{"rendered":"<p>La Casa Congo, ubicada frente a la hist\u00f3rica Bah\u00eda de Portobelo, cuenta con 4 habitaciones que reflejan la identidad cultural y arte local, cada habitaci\u00f3n esta identificada con un nombre alusivo a la tradici\u00f3n de la danza congo: Reina Congo Rey Congo Pajarito Tamborero Todas las [&hellip;]<\/p>\n","protected":false},"author":1,"featured_media":6123,"parent":3681,"menu_order":0,"comment_status":"closed","ping_status":"closed","template":"page-destination sin texto.php","meta":{"footnotes":""},"class_list":["post-4586","page","type-page","status-publish","has-post-thumbnail","hentry"],"_links":{"self":[{"href":"https:\/\/www.casacongo.com\/es\/wp-json\/wp\/v2\/pages\/4586","targetHints":{"allow":["GET"]}}],"collection":[{"href":"https:\/\/www.casacongo.com\/es\/wp-json\/wp\/v2\/pages"}],"about":[{"href":"https:\/\/www.casacongo.com\/es\/wp-json\/wp\/v2\/types\/page"}],"author":[{"embeddable":true,"href":"https:\/\/www.casacongo.com\/es\/wp-json\/wp\/v2\/users\/1"}],"replies":[{"embeddable":true,"href":"https:\/\/www.casacongo.com\/es\/wp-json\/wp\/v2\/comments?post=4586"}],"version-history":[{"count":49,"href":"https:\/\/www.casacongo.com\/es\/wp-json\/wp\/v2\/pages\/4586\/revisions"}],"predecessor-version":[{"id":6138,"href":"https:\/\/www.casacongo.com\/es\/wp-json\/wp\/v2\/pages\/4586\/revisions\/6138"}],"up":[{"embeddable":true,"href":"https:\/\/www.casacongo.com\/es\/wp-json\/wp\/v2\/pages\/3681"}],"wp:featuredmedia":[{"embeddable":true,"href":"https:\/\/www.casacongo.com\/es\/wp-json\/wp\/v2\/media\/6123"}],"wp:attachment":[{"href":"https:\/\/www.casacongo.com\/es\/wp-json\/wp\/v2\/media?parent=4586"}],"curies":[{"name":"wp","href":"https:\/\/api.w.org\/{rel}","templated":true}]}}