{"id":4869,"date":"2015-12-15T10:05:23","date_gmt":"2015-12-15T10:05:23","guid":{"rendered":"http:\/\/www.elotrolado.com.pa\/en\/?page_id=4869"},"modified":"2017-06-01T18:55:23","modified_gmt":"2017-06-01T18:55:23","slug":"gallery","status":"publish","type":"page","link":"https:\/\/www.casacongo.com\/es\/foundation\/gallery\/","title":{"rendered":"Galer\u00eda de Arte"},"content":{"rendered":"<div class=\"one withsmallpadding \" >\n<div class=\"page_content_wrapper\">\n<div class=\"two_third\">\n<p style=\"text-align: justify;\">La muestra cultural Congo presenta paneles museo, fotograf\u00edas y otros elementos culturales mediante una interpretaci\u00f3n contempor\u00e1nea donde les ser\u00e1 revelado al visitante el significado del Arte Congo donde, los ritos recrean la lucha por la emancipaci\u00f3n de los esclavizados alzados contra el imperio espa\u00f1ol, relacion\u00e1ndose tambi\u00e9n con los elementos vivos de la naturaleza y de los esp\u00edritus y antepasados africanos. El drama Congo est\u00e1 sustentado en un cuerpo de leyendas que se reviven mediante manifestaciones de teatro de calle, canto, baile y tambor.<\/p>\n<p style=\"text-align: justify;\">El centro de interpretaci\u00f3n tiene como objetivo crear en quien acude a ellos una sensibilidad, conciencia, entendimiento, entusiasmo y compromiso hacia el arte Congo ayudando a preservar y difundir esta cultura hereditaria en beneficio de la comunidad y de sus pr\u00f3ximas generaciones.<\/p>\n<p style=\"text-align: justify;\">La muestra de arte y artesan\u00eda, cuenta con las obras de los artistas del Taller Portobelo, muestra permanente que permite a estos artistas seguir creando y desarrollando sus expresiones art\u00edsticas, dando una continuidad org\u00e1nica al proyecto iniciado en los a\u00f1os 80 por la artista paname\u00f1a Sandra Eleta.<br \/>\nLos visitantes pueden contemplar y adquirir obras de Yaneca Esquina, Ariel Jimenez, Gustavo Esquina de la Espada, Virgilio Esquina de la Espada, Anel Esquina, Manuel Golden, la fot\u00f3grafa Alma Almar\u00e1n y la consagrada artista Sandra Eleta.<br \/>\nAdem\u00e1s la Galer\u00eda cuenta con trabajos de ebanister\u00eda de dise\u00f1os vanguardistas, realizados  en el taller de carpinter\u00eda ubicado en el hotel \u201cEl Otro Lado \u201cque como parte del proyecto social que desarrolla en la comunidad de Portobelo, cedi\u00f3 parte de dicho taller a la Fundaci\u00f3n Bah\u00eda de Portobelo.<br \/>\nLa simbiosis entre las obras realizadas conjuntamente entre los ebanistas y los artistas del Taller Portobelo ha creado un producto \u00fanico de alta calidad e identidad cultural de Portobelo.<\/p>\n<\/div>\n<p style=\"text-align: right;\"><a href=\"http:\/\/www.fundacionbp.org\/es\/\" target=\"_blank\" rel=\"noopener noreferrer\"><img loading=\"lazy\" decoding=\"async\" class=\"alignright size-full wp-image-3823\" src=\"http:\/\/www.elotrolado.com.pa\/en\/wp-content\/uploads\/2015\/11\/logofundacion.jpg\" alt=\"logofundacion\" width=\"223\" height=\"150\" \/><\/a><\/p>\n<div class=\"two_third last\"><\/div>\n<\/div>\n<\/div>\n<div class=\"one withsmallpadding \" >\n<div class=\"page_content_wrapper\"><\/div>\n<\/div>\n<div class=\"one ppb_gallery withpadding \" \">\n<div class=\"page_content_wrapper \" style=\"text-align:center\">\n<div class=\"three_cols portfolio_filter_wrapper gallery section content clearfix\">\n<div class=\"element portfolio3filter_wrapper\">\n<div class=\"one_third gallery3 filterable gallery_type animated1 \"><a title=\"\" class=\"fancy-gallery\" href=\"http:\/\/alojamientos.fundacionbp.org\/en\/wp-content\/uploads\/2015\/12\/GALERIA-CASA-CONGO001.jpg\"><img decoding=\"async\" src=\"http:\/\/alojamientos.fundacionbp.org\/en\/wp-content\/uploads\/2015\/12\/GALERIA-CASA-CONGO001-560x460.jpg\" alt=\"\" class=\"\"\/><\/a><\/div>\n<\/div>\n<div class=\"element portfolio3filter_wrapper\">\n<div class=\"one_third gallery3 filterable gallery_type animated2 \"><a title=\"\" class=\"fancy-gallery\" href=\"http:\/\/alojamientos.fundacionbp.org\/en\/wp-content\/uploads\/2015\/12\/GALERIA-CASA-CONGO002.jpg\"><img decoding=\"async\" src=\"http:\/\/alojamientos.fundacionbp.org\/en\/wp-content\/uploads\/2015\/12\/GALERIA-CASA-CONGO002-560x460.jpg\" alt=\"\" class=\"\"\/><\/a><\/div>\n<\/div>\n<div class=\"element portfolio3filter_wrapper\">\n<div class=\"one_third gallery3 filterable gallery_type animated3 \"><a title=\"\" class=\"fancy-gallery\" href=\"http:\/\/alojamientos.fundacionbp.org\/en\/wp-content\/uploads\/2015\/12\/GALERIA-CASA-CONGO003.jpg\"><img decoding=\"async\" src=\"http:\/\/alojamientos.fundacionbp.org\/en\/wp-content\/uploads\/2015\/12\/GALERIA-CASA-CONGO003-560x460.jpg\" alt=\"\" class=\"\"\/><\/a><\/div>\n<\/div>\n<div class=\"element portfolio3filter_wrapper\">\n<div class=\"one_third gallery3 filterable gallery_type animated4 last\"><a title=\"\" class=\"fancy-gallery\" href=\"http:\/\/alojamientos.fundacionbp.org\/en\/wp-content\/uploads\/2015\/12\/GALERIA-CASA-CONGO004.jpg\"><img decoding=\"async\" src=\"http:\/\/alojamientos.fundacionbp.org\/en\/wp-content\/uploads\/2015\/12\/GALERIA-CASA-CONGO004-560x460.jpg\" alt=\"\" class=\"\"\/><\/a><\/div>\n<\/div>\n<div class=\"element portfolio3filter_wrapper\">\n<div class=\"one_third gallery3 filterable gallery_type animated5 \"><a title=\"\" class=\"fancy-gallery\" href=\"http:\/\/alojamientos.fundacionbp.org\/en\/wp-content\/uploads\/2015\/12\/GALERIA-CASA-CONGO005.jpg\"><img decoding=\"async\" src=\"http:\/\/alojamientos.fundacionbp.org\/en\/wp-content\/uploads\/2015\/12\/GALERIA-CASA-CONGO005-560x460.jpg\" alt=\"\" class=\"\"\/><\/a><\/div>\n<\/div>\n<div class=\"element portfolio3filter_wrapper\">\n<div class=\"one_third gallery3 filterable gallery_type animated6 \"><a title=\"\" class=\"fancy-gallery\" href=\"http:\/\/alojamientos.fundacionbp.org\/en\/wp-content\/uploads\/2015\/12\/GALERIA-CASA-CONGO006.jpg\"><img decoding=\"async\" src=\"http:\/\/alojamientos.fundacionbp.org\/en\/wp-content\/uploads\/2015\/12\/GALERIA-CASA-CONGO006-560x460.jpg\" alt=\"\" class=\"\"\/><\/a><\/div>\n<\/div>\n<div class=\"element portfolio3filter_wrapper\">\n<div class=\"one_third gallery3 filterable gallery_type animated7 \"><a title=\"\" class=\"fancy-gallery\" href=\"http:\/\/alojamientos.fundacionbp.org\/en\/wp-content\/uploads\/2015\/12\/GALERIA-CASA-CONGO007.jpg\"><img decoding=\"async\" src=\"http:\/\/alojamientos.fundacionbp.org\/en\/wp-content\/uploads\/2015\/12\/GALERIA-CASA-CONGO007-560x460.jpg\" alt=\"\" class=\"\"\/><\/a><\/div>\n<\/div>\n<div class=\"element portfolio3filter_wrapper\">\n<div class=\"one_third gallery3 filterable gallery_type animated8 last\"><a title=\"\" class=\"fancy-gallery\" href=\"http:\/\/alojamientos.fundacionbp.org\/en\/wp-content\/uploads\/2015\/12\/GALERIA-CASA-CONGO008.jpg\"><img decoding=\"async\" src=\"http:\/\/alojamientos.fundacionbp.org\/en\/wp-content\/uploads\/2015\/12\/GALERIA-CASA-CONGO008-560x460.jpg\" alt=\"\" class=\"\"\/><\/a><\/div>\n<\/div>\n<div class=\"element portfolio3filter_wrapper\">\n<div class=\"one_third gallery3 filterable gallery_type animated9 \"><a title=\"\" class=\"fancy-gallery\" href=\"http:\/\/alojamientos.fundacionbp.org\/en\/wp-content\/uploads\/2015\/12\/GALERIA-CASA-CONGO009.jpg\"><img decoding=\"async\" src=\"http:\/\/alojamientos.fundacionbp.org\/en\/wp-content\/uploads\/2015\/12\/GALERIA-CASA-CONGO009-560x460.jpg\" alt=\"\" class=\"\"\/><\/a><\/div>\n<\/div>\n<div class=\"element portfolio3filter_wrapper\">\n<div class=\"one_third gallery3 filterable gallery_type animated10 \"><a title=\"\" class=\"fancy-gallery\" href=\"http:\/\/alojamientos.fundacionbp.org\/en\/wp-content\/uploads\/2015\/12\/GALERIA-CASA-CONGO010.jpg\"><img decoding=\"async\" src=\"http:\/\/alojamientos.fundacionbp.org\/en\/wp-content\/uploads\/2015\/12\/GALERIA-CASA-CONGO010-560x460.jpg\" alt=\"\" class=\"\"\/><\/a><\/div>\n<\/div>\n<div class=\"element portfolio3filter_wrapper\">\n<div class=\"one_third gallery3 filterable gallery_type animated11 \"><a title=\"\" class=\"fancy-gallery\" href=\"http:\/\/alojamientos.fundacionbp.org\/en\/wp-content\/uploads\/2015\/12\/GALERIA-CASA-CONGO011.jpg\"><img decoding=\"async\" src=\"http:\/\/alojamientos.fundacionbp.org\/en\/wp-content\/uploads\/2015\/12\/GALERIA-CASA-CONGO011-560x460.jpg\" alt=\"\" class=\"\"\/><\/a><\/div>\n<\/div>\n<div class=\"element portfolio3filter_wrapper\">\n<div class=\"one_third gallery3 filterable gallery_type animated12 last\"><a title=\"\" class=\"fancy-gallery\" href=\"http:\/\/alojamientos.fundacionbp.org\/en\/wp-content\/uploads\/2015\/12\/GALERIA-CASA-CONGO012.jpg\"><img decoding=\"async\" src=\"http:\/\/alojamientos.fundacionbp.org\/en\/wp-content\/uploads\/2015\/12\/GALERIA-CASA-CONGO012-560x460.jpg\" alt=\"\" class=\"\"\/><\/a><\/div>\n<\/div>\n<div class=\"element portfolio3filter_wrapper\">\n<div class=\"one_third gallery3 filterable gallery_type animated13 \"><a title=\"\" class=\"fancy-gallery\" href=\"http:\/\/alojamientos.fundacionbp.org\/en\/wp-content\/uploads\/2015\/12\/GALERIA-CASA-CONGO016.jpg\"><img decoding=\"async\" src=\"http:\/\/alojamientos.fundacionbp.org\/en\/wp-content\/uploads\/2015\/12\/GALERIA-CASA-CONGO016-560x460.jpg\" alt=\"\" class=\"\"\/><\/a><\/div>\n<\/div>\n<div class=\"element portfolio3filter_wrapper\">\n<div class=\"one_third gallery3 filterable gallery_type animated14 \"><a title=\"\" class=\"fancy-gallery\" href=\"http:\/\/alojamientos.fundacionbp.org\/en\/wp-content\/uploads\/2015\/12\/GALERIA-CASA-CONGO017.jpg\"><img decoding=\"async\" src=\"http:\/\/alojamientos.fundacionbp.org\/en\/wp-content\/uploads\/2015\/12\/GALERIA-CASA-CONGO017-560x460.jpg\" alt=\"\" class=\"\"\/><\/a><\/div>\n<\/div>\n<div class=\"element portfolio3filter_wrapper\">\n<div class=\"one_third gallery3 filterable gallery_type animated15 \"><a title=\"\" class=\"fancy-gallery\" href=\"http:\/\/alojamientos.fundacionbp.org\/en\/wp-content\/uploads\/2015\/12\/GALERIA-CASA-CONGO018.jpg\"><img decoding=\"async\" src=\"http:\/\/alojamientos.fundacionbp.org\/en\/wp-content\/uploads\/2015\/12\/GALERIA-CASA-CONGO018-560x460.jpg\" alt=\"\" class=\"\"\/><\/a><\/div>\n<\/div>\n<div class=\"element portfolio3filter_wrapper\">\n<div class=\"one_third gallery3 filterable gallery_type animated16 last\"><a title=\"\" class=\"fancy-gallery\" href=\"http:\/\/alojamientos.fundacionbp.org\/en\/wp-content\/uploads\/2015\/12\/GALERIA-CASA-CONGO019.jpg\"><img decoding=\"async\" src=\"http:\/\/alojamientos.fundacionbp.org\/en\/wp-content\/uploads\/2015\/12\/GALERIA-CASA-CONGO019-560x460.jpg\" alt=\"\" class=\"\"\/><\/a><\/div>\n<\/div>\n<div class=\"element portfolio3filter_wrapper\">\n<div class=\"one_third gallery3 filterable gallery_type animated17 \"><a title=\"\" class=\"fancy-gallery\" href=\"http:\/\/alojamientos.fundacionbp.org\/en\/wp-content\/uploads\/2015\/12\/GALERIA-CASA-CONGO020.jpg\"><img decoding=\"async\" src=\"http:\/\/alojamientos.fundacionbp.org\/en\/wp-content\/uploads\/2015\/12\/GALERIA-CASA-CONGO020-560x460.jpg\" alt=\"\" class=\"\"\/><\/a><\/div>\n<\/div>\n<div class=\"element portfolio3filter_wrapper\">\n<div class=\"one_third gallery3 filterable gallery_type animated18 \"><a title=\"\" class=\"fancy-gallery\" href=\"http:\/\/alojamientos.fundacionbp.org\/en\/wp-content\/uploads\/2015\/12\/GALERIA-CASA-CONGO021.jpg\"><img decoding=\"async\" src=\"http:\/\/alojamientos.fundacionbp.org\/en\/wp-content\/uploads\/2015\/12\/GALERIA-CASA-CONGO021-560x460.jpg\" alt=\"\" class=\"\"\/><\/a><\/div>\n<\/div>\n<div class=\"element portfolio3filter_wrapper\">\n<div class=\"one_third gallery3 filterable gallery_type animated19 \"><a title=\"\" class=\"fancy-gallery\" href=\"http:\/\/alojamientos.fundacionbp.org\/en\/wp-content\/uploads\/2015\/12\/GALERIA-CASA-CONGO025.jpg\"><img decoding=\"async\" src=\"http:\/\/alojamientos.fundacionbp.org\/en\/wp-content\/uploads\/2015\/12\/GALERIA-CASA-CONGO025-560x460.jpg\" alt=\"\" class=\"\"\/><\/a><\/div>\n<\/div>\n<div class=\"element portfolio3filter_wrapper\">\n<div class=\"one_third gallery3 filterable gallery_type animated20 last\"><a title=\"\" class=\"fancy-gallery\" href=\"http:\/\/alojamientos.fundacionbp.org\/en\/wp-content\/uploads\/2015\/12\/GALERIA-CASA-CONGO026.jpg\"><img decoding=\"async\" src=\"http:\/\/alojamientos.fundacionbp.org\/en\/wp-content\/uploads\/2015\/12\/GALERIA-CASA-CONGO026-560x460.jpg\" alt=\"\" class=\"\"\/><\/a><\/div>\n<\/div>\n<div class=\"element portfolio3filter_wrapper\">\n<div class=\"one_third gallery3 filterable gallery_type animated21 \"><a title=\"\" class=\"fancy-gallery\" href=\"http:\/\/alojamientos.fundacionbp.org\/en\/wp-content\/uploads\/2015\/12\/GALERIA-CASA-CONGO027.jpg\"><img decoding=\"async\" src=\"http:\/\/alojamientos.fundacionbp.org\/en\/wp-content\/uploads\/2015\/12\/GALERIA-CASA-CONGO027-560x460.jpg\" alt=\"\" class=\"\"\/><\/a><\/div>\n<\/div>\n<div class=\"element portfolio3filter_wrapper\">\n<div class=\"one_third gallery3 filterable gallery_type animated22 \"><a title=\"\" class=\"fancy-gallery\" href=\"http:\/\/alojamientos.fundacionbp.org\/en\/wp-content\/uploads\/2015\/12\/GALERIA-CASA-CONGO028.jpg\"><img decoding=\"async\" src=\"http:\/\/alojamientos.fundacionbp.org\/en\/wp-content\/uploads\/2015\/12\/GALERIA-CASA-CONGO028-560x460.jpg\" alt=\"\" class=\"\"\/><\/a><\/div>\n<\/div>\n<div class=\"element portfolio3filter_wrapper\">\n<div class=\"one_third gallery3 filterable gallery_type animated23 \"><a title=\"\" class=\"fancy-gallery\" href=\"http:\/\/alojamientos.fundacionbp.org\/en\/wp-content\/uploads\/2015\/12\/GALERIA-CASA-CONGO029.jpg\"><img decoding=\"async\" src=\"http:\/\/alojamientos.fundacionbp.org\/en\/wp-content\/uploads\/2015\/12\/GALERIA-CASA-CONGO029-560x460.jpg\" alt=\"\" class=\"\"\/><\/a><\/div>\n<\/div>\n<div class=\"element portfolio3filter_wrapper\">\n<div class=\"one_third gallery3 filterable gallery_type animated24 last\"><a title=\"\" class=\"fancy-gallery\" href=\"http:\/\/alojamientos.fundacionbp.org\/en\/wp-content\/uploads\/2015\/12\/GALERIA-CASA-CONGO030.jpg\"><img decoding=\"async\" src=\"http:\/\/alojamientos.fundacionbp.org\/en\/wp-content\/uploads\/2015\/12\/GALERIA-CASA-CONGO030-560x460.jpg\" alt=\"\" class=\"\"\/><\/a><\/div>\n<\/div>\n<div class=\"element portfolio3filter_wrapper\">\n<div class=\"one_third gallery3 filterable gallery_type animated25 \"><a title=\"\" class=\"fancy-gallery\" href=\"http:\/\/alojamientos.fundacionbp.org\/en\/wp-content\/uploads\/2015\/12\/GALERIA-CASA-CONGO031.jpg\"><img decoding=\"async\" src=\"http:\/\/alojamientos.fundacionbp.org\/en\/wp-content\/uploads\/2015\/12\/GALERIA-CASA-CONGO031-560x460.jpg\" alt=\"\" class=\"\"\/><\/a><\/div>\n<\/div>\n<div class=\"element portfolio3filter_wrapper\">\n<div class=\"one_third gallery3 filterable gallery_type animated26 \"><a title=\"\" class=\"fancy-gallery\" href=\"http:\/\/alojamientos.fundacionbp.org\/en\/wp-content\/uploads\/2015\/12\/GALERIA-CASA-CONGO032.jpg\"><img decoding=\"async\" src=\"http:\/\/alojamientos.fundacionbp.org\/en\/wp-content\/uploads\/2015\/12\/GALERIA-CASA-CONGO032-560x460.jpg\" alt=\"\" class=\"\"\/><\/a><\/div>\n<\/div>\n<div class=\"element portfolio3filter_wrapper\">\n<div class=\"one_third gallery3 filterable gallery_type animated27 \"><a title=\"\" class=\"fancy-gallery\" href=\"http:\/\/alojamientos.fundacionbp.org\/en\/wp-content\/uploads\/2015\/12\/IMG_7694-1.jpg\"><img decoding=\"async\" src=\"http:\/\/alojamientos.fundacionbp.org\/en\/wp-content\/uploads\/2015\/12\/IMG_7694-1-560x460.jpg\" alt=\"\" class=\"\"\/><\/a><\/div>\n<\/div>\n<div class=\"element portfolio3filter_wrapper\">\n<div class=\"one_third gallery3 filterable gallery_type animated28 last\"><a title=\"\" class=\"fancy-gallery\" href=\"http:\/\/alojamientos.fundacionbp.org\/en\/wp-content\/uploads\/2015\/12\/GALERIA-CASA-CONGO035.jpg\"><img decoding=\"async\" src=\"http:\/\/alojamientos.fundacionbp.org\/en\/wp-content\/uploads\/2015\/12\/GALERIA-CASA-CONGO035-560x460.jpg\" alt=\"\" class=\"\"\/><\/a><\/div>\n<\/div>\n<div class=\"element portfolio3filter_wrapper\">\n<div class=\"one_third gallery3 filterable gallery_type animated29 \"><a title=\"\" class=\"fancy-gallery\" href=\"http:\/\/alojamientos.fundacionbp.org\/en\/wp-content\/uploads\/2015\/12\/GALERIA-CASA-CONGO036.jpg\"><img decoding=\"async\" src=\"http:\/\/alojamientos.fundacionbp.org\/en\/wp-content\/uploads\/2015\/12\/GALERIA-CASA-CONGO036-560x460.jpg\" alt=\"\" class=\"\"\/><\/a><\/div>\n<\/div>\n<div class=\"element portfolio3filter_wrapper\">\n<div class=\"one_third gallery3 filterable gallery_type animated30 \"><a title=\"\" class=\"fancy-gallery\" href=\"http:\/\/alojamientos.fundacionbp.org\/en\/wp-content\/uploads\/2015\/12\/GALERIA-CASA-CONGO037.jpg\"><img decoding=\"async\" src=\"http:\/\/alojamientos.fundacionbp.org\/en\/wp-content\/uploads\/2015\/12\/GALERIA-CASA-CONGO037-560x460.jpg\" alt=\"\" class=\"\"\/><\/a><\/div>\n<\/div>\n<div class=\"element portfolio3filter_wrapper\">\n<div class=\"one_third gallery3 filterable gallery_type animated31 \"><a title=\"\" class=\"fancy-gallery\" href=\"http:\/\/alojamientos.fundacionbp.org\/en\/wp-content\/uploads\/2015\/12\/GALERIA-CASA-CONGO038.jpg\"><img decoding=\"async\" src=\"http:\/\/alojamientos.fundacionbp.org\/en\/wp-content\/uploads\/2015\/12\/GALERIA-CASA-CONGO038-560x460.jpg\" alt=\"\" class=\"\"\/><\/a><\/div>\n<\/div>\n<div class=\"element portfolio3filter_wrapper\">\n<div class=\"one_third gallery3 filterable gallery_type animated32 last\"><a title=\"\" class=\"fancy-gallery\" href=\"http:\/\/alojamientos.fundacionbp.org\/en\/wp-content\/uploads\/2015\/12\/GALERIA-CASA-CONGO039.jpg\"><img decoding=\"async\" src=\"http:\/\/alojamientos.fundacionbp.org\/en\/wp-content\/uploads\/2015\/12\/GALERIA-CASA-CONGO039-560x460.jpg\" alt=\"\" class=\"\"\/><\/a><\/div>\n<\/div>\n<div class=\"element portfolio3filter_wrapper\">\n<div class=\"one_third gallery3 filterable gallery_type animated33 \"><a title=\"\" class=\"fancy-gallery\" href=\"http:\/\/alojamientos.fundacionbp.org\/en\/wp-content\/uploads\/2015\/12\/GALERIA-CASA-CONGO044.jpg\"><img decoding=\"async\" src=\"http:\/\/alojamientos.fundacionbp.org\/en\/wp-content\/uploads\/2015\/12\/GALERIA-CASA-CONGO044-560x460.jpg\" alt=\"\" class=\"\"\/><\/a><\/div>\n<\/div>\n<div class=\"element portfolio3filter_wrapper\">\n<div class=\"one_third gallery3 filterable gallery_type animated34 \"><a title=\"\" class=\"fancy-gallery\" href=\"http:\/\/alojamientos.fundacionbp.org\/en\/wp-content\/uploads\/2015\/12\/GALERIA-CASA-CONGO046.jpg\"><img decoding=\"async\" src=\"http:\/\/alojamientos.fundacionbp.org\/en\/wp-content\/uploads\/2015\/12\/GALERIA-CASA-CONGO046-560x460.jpg\" alt=\"\" class=\"\"\/><\/a><\/div>\n<\/div>\n<div class=\"element portfolio3filter_wrapper\">\n<div class=\"one_third gallery3 filterable gallery_type animated35 \"><a title=\"\" class=\"fancy-gallery\" href=\"http:\/\/alojamientos.fundacionbp.org\/en\/wp-content\/uploads\/2015\/12\/GALERIA-CASA-CONGO047.jpg\"><img decoding=\"async\" src=\"http:\/\/alojamientos.fundacionbp.org\/en\/wp-content\/uploads\/2015\/12\/GALERIA-CASA-CONGO047-560x460.jpg\" alt=\"\" class=\"\"\/><\/a><\/div>\n<\/div>\n<div class=\"element portfolio3filter_wrapper\">\n<div class=\"one_third gallery3 filterable gallery_type animated36 last\"><a title=\"\" class=\"fancy-gallery\" href=\"http:\/\/alojamientos.fundacionbp.org\/en\/wp-content\/uploads\/2015\/12\/GALERIA-CASA-CONGO048.jpg\"><img decoding=\"async\" src=\"http:\/\/alojamientos.fundacionbp.org\/en\/wp-content\/uploads\/2015\/12\/GALERIA-CASA-CONGO048-560x460.jpg\" alt=\"\" class=\"\"\/><\/a><\/div>\n<\/div>\n<div class=\"element portfolio3filter_wrapper\">\n<div class=\"one_third gallery3 filterable gallery_type animated37 \"><a title=\"\" class=\"fancy-gallery\" href=\"http:\/\/alojamientos.fundacionbp.org\/en\/wp-content\/uploads\/2015\/12\/GALERIA-CASA-CONGO054.jpg\"><img decoding=\"async\" src=\"http:\/\/alojamientos.fundacionbp.org\/en\/wp-content\/uploads\/2015\/12\/GALERIA-CASA-CONGO054-560x460.jpg\" alt=\"\" class=\"\"\/><\/a><\/div>\n<\/div>\n<div class=\"element portfolio3filter_wrapper\">\n<div class=\"one_third gallery3 filterable gallery_type animated38 \"><a title=\"\" class=\"fancy-gallery\" href=\"http:\/\/alojamientos.fundacionbp.org\/en\/wp-content\/uploads\/2015\/12\/GALERIA-CASA-CONGO052.jpg\"><img decoding=\"async\" src=\"http:\/\/alojamientos.fundacionbp.org\/en\/wp-content\/uploads\/2015\/12\/GALERIA-CASA-CONGO052-560x460.jpg\" alt=\"\" class=\"\"\/><\/a><\/div>\n<\/div>\n<div class=\"element portfolio3filter_wrapper\">\n<div class=\"one_third gallery3 filterable gallery_type animated39 \"><a title=\"\" class=\"fancy-gallery\" href=\"http:\/\/alojamientos.fundacionbp.org\/en\/wp-content\/uploads\/2015\/12\/GALERIA-CASA-CONGO053.jpg\"><img decoding=\"async\" src=\"http:\/\/alojamientos.fundacionbp.org\/en\/wp-content\/uploads\/2015\/12\/GALERIA-CASA-CONGO053-560x460.jpg\" alt=\"\" class=\"\"\/><\/a><\/div>\n<\/div>\n<\/div>\n<\/div>\n<\/div>\n","protected":false},"excerpt":{"rendered":"<p>La muestra cultural Congo presenta paneles museo, fotograf\u00edas y otros elementos culturales mediante una interpretaci\u00f3n contempor\u00e1nea donde les ser\u00e1 revelado al visitante el significado del Arte Congo donde, los ritos recrean la lucha por la emancipaci\u00f3n de los esclavizados alzados contra el imperio espa\u00f1ol, relacion\u00e1ndose tambi\u00e9n [&hellip;]<\/p>\n","protected":false},"author":1,"featured_media":5762,"parent":2935,"menu_order":0,"comment_status":"closed","ping_status":"closed","template":"","meta":{"footnotes":""},"class_list":["post-4869","page","type-page","status-publish","has-post-thumbnail","hentry"],"_links":{"self":[{"href":"https:\/\/www.casacongo.com\/es\/wp-json\/wp\/v2\/pages\/4869","targetHints":{"allow":["GET"]}}],"collection":[{"href":"https:\/\/www.casacongo.com\/es\/wp-json\/wp\/v2\/pages"}],"about":[{"href":"https:\/\/www.casacongo.com\/es\/wp-json\/wp\/v2\/types\/page"}],"author":[{"embeddable":true,"href":"https:\/\/www.casacongo.com\/es\/wp-json\/wp\/v2\/users\/1"}],"replies":[{"embeddable":true,"href":"https:\/\/www.casacongo.com\/es\/wp-json\/wp\/v2\/comments?post=4869"}],"version-history":[{"count":15,"href":"https:\/\/www.casacongo.com\/es\/wp-json\/wp\/v2\/pages\/4869\/revisions"}],"predecessor-version":[{"id":5766,"href":"https:\/\/www.casacongo.com\/es\/wp-json\/wp\/v2\/pages\/4869\/revisions\/5766"}],"up":[{"embeddable":true,"href":"https:\/\/www.casacongo.com\/es\/wp-json\/wp\/v2\/pages\/2935"}],"wp:featuredmedia":[{"embeddable":true,"href":"https:\/\/www.casacongo.com\/es\/wp-json\/wp\/v2\/media\/5762"}],"wp:attachment":[{"href":"https:\/\/www.casacongo.com\/es\/wp-json\/wp\/v2\/media?parent=4869"}],"curies":[{"name":"wp","href":"https:\/\/api.w.org\/{rel}","templated":true}]}}