{"id":5565,"date":"2017-01-13T11:32:47","date_gmt":"2017-01-13T11:32:47","guid":{"rendered":"http:\/\/alojamientos.fundacionbp.org\/en\/?page_id=5565"},"modified":"2025-07-10T09:31:55","modified_gmt":"2025-07-10T09:31:55","slug":"pajarito","status":"publish","type":"page","link":"https:\/\/www.casacongo.com\/es\/houses-2\/casa-congo\/pajarito\/","title":{"rendered":"Pajarito"},"content":{"rendered":"<div class=\"one withsmallpadding \" >\n<div class=\"page_content_wrapper\">\n<div class=\"one_half \">\n<p style=\"text-align: justify;\"><strong>Descripci\u00f3n:<\/strong><br \/>\nHabitaci\u00f3n con 1 cama King size y 2 camas sencillas, capacidad m\u00e1xima 4 personas.<\/p>\n<p>A\/C<br \/>\nMini Bar<br \/>\nDesayuno<br \/>\nInternet<br \/>\ntelevisi\u00f3n\n<\/p>\n<h4><strong><a href=\"https:\/\/hotels.cloudbeds.com\/es\/reservas\/Ws6EiC?ga_sess_id=1970913204.1565208017\" target=\"_blank\">Book Now<\/a><\/strong><\/h4>\n<\/div>\n<div class=\"one_half last \">\n<\/div>\n<\/p>\n<\/div>\n<\/div>\n<div class=\"one ppb_gallery withpadding \" \">\n<div class=\"page_content_wrapper \" style=\"text-align:center\">\n<div class=\"three_cols portfolio_filter_wrapper gallery section content clearfix\">\n<div class=\"element portfolio3filter_wrapper\">\n<div class=\"one_third gallery3 filterable gallery_type animated1 \"><a title=\"\" class=\"fancy-gallery\" href=\"https:\/\/www.casacongo.com\/es\/wp-content\/uploads\/2025\/06\/AO-DI0389-2233-scaled.jpg\"><img decoding=\"async\" src=\"https:\/\/www.casacongo.com\/es\/wp-content\/uploads\/2025\/06\/AO-DI0389-2233-560x460.jpg\" alt=\"\" class=\"\"\/><\/a><\/div>\n<\/div>\n<div class=\"element portfolio3filter_wrapper\">\n<div class=\"one_third gallery3 filterable gallery_type animated2 \"><a title=\"\" class=\"fancy-gallery\" href=\"https:\/\/www.casacongo.com\/es\/wp-content\/uploads\/2025\/06\/AO-DI0389-2237-scaled.jpg\"><img decoding=\"async\" src=\"https:\/\/www.casacongo.com\/es\/wp-content\/uploads\/2025\/06\/AO-DI0389-2237-560x460.jpg\" alt=\"\" class=\"\"\/><\/a><\/div>\n<\/div>\n<div class=\"element portfolio3filter_wrapper\">\n<div class=\"one_third gallery3 filterable gallery_type animated3 \"><a title=\"\" class=\"fancy-gallery\" href=\"https:\/\/www.casacongo.com\/es\/wp-content\/uploads\/2025\/06\/AO-DI0389-2235-scaled.jpg\"><img decoding=\"async\" src=\"https:\/\/www.casacongo.com\/es\/wp-content\/uploads\/2025\/06\/AO-DI0389-2235-560x460.jpg\" alt=\"\" class=\"\"\/><\/a><\/div>\n<\/div>\n<div class=\"element portfolio3filter_wrapper\">\n<div class=\"one_third gallery3 filterable gallery_type animated4 last\"><a title=\"\" class=\"fancy-gallery\" href=\"https:\/\/www.casacongo.com\/es\/wp-content\/uploads\/2025\/06\/AO-DI0389-2238-scaled.jpg\"><img decoding=\"async\" src=\"https:\/\/www.casacongo.com\/es\/wp-content\/uploads\/2025\/06\/AO-DI0389-2238-560x460.jpg\" alt=\"\" class=\"\"\/><\/a><\/div>\n<\/div>\n<\/div>\n<\/div>\n<\/div>\n","protected":false},"excerpt":{"rendered":"<p>Descripci\u00f3n: Habitaci\u00f3n con 1 cama King size y 2 camas sencillas, capacidad m\u00e1xima 4 personas. A\/C Mini Bar Desayuno Internet televisi\u00f3n Book Now<\/p>\n","protected":false},"author":1,"featured_media":6060,"parent":4586,"menu_order":0,"comment_status":"closed","ping_status":"closed","template":"page-destination sin texto.php","meta":{"footnotes":""},"class_list":["post-5565","page","type-page","status-publish","has-post-thumbnail","hentry"],"_links":{"self":[{"href":"https:\/\/www.casacongo.com\/es\/wp-json\/wp\/v2\/pages\/5565","targetHints":{"allow":["GET"]}}],"collection":[{"href":"https:\/\/www.casacongo.com\/es\/wp-json\/wp\/v2\/pages"}],"about":[{"href":"https:\/\/www.casacongo.com\/es\/wp-json\/wp\/v2\/types\/page"}],"author":[{"embeddable":true,"href":"https:\/\/www.casacongo.com\/es\/wp-json\/wp\/v2\/users\/1"}],"replies":[{"embeddable":true,"href":"https:\/\/www.casacongo.com\/es\/wp-json\/wp\/v2\/comments?post=5565"}],"version-history":[{"count":10,"href":"https:\/\/www.casacongo.com\/es\/wp-json\/wp\/v2\/pages\/5565\/revisions"}],"predecessor-version":[{"id":6131,"href":"https:\/\/www.casacongo.com\/es\/wp-json\/wp\/v2\/pages\/5565\/revisions\/6131"}],"up":[{"embeddable":true,"href":"https:\/\/www.casacongo.com\/es\/wp-json\/wp\/v2\/pages\/4586"}],"wp:featuredmedia":[{"embeddable":true,"href":"https:\/\/www.casacongo.com\/es\/wp-json\/wp\/v2\/media\/6060"}],"wp:attachment":[{"href":"https:\/\/www.casacongo.com\/es\/wp-json\/wp\/v2\/media?parent=5565"}],"curies":[{"name":"wp","href":"https:\/\/api.w.org\/{rel}","templated":true}]}}