{"id":5593,"date":"2017-01-13T16:29:27","date_gmt":"2017-01-13T16:29:27","guid":{"rendered":"http:\/\/alojamientos.fundacionbp.org\/en\/?page_id=5593"},"modified":"2025-06-27T08:49:54","modified_gmt":"2025-06-27T08:49:54","slug":"verde-luna","status":"publish","type":"page","link":"https:\/\/www.casacongo.com\/es\/houses-2\/rayo-verde\/verde-luna\/","title":{"rendered":"Verde luna"},"content":{"rendered":"<div class=\"one withsmallpadding \" >\n<div class=\"page_content_wrapper\">\n<p>\u00a0\u00a0<\/p>\n<p>\u00a0\u00a0<\/p>\n<p>\u00a0\u00a0<\/p>\n<\/div>\n<\/div>\n<div class=\"one withsmallpadding \" >\n<div class=\"page_content_wrapper\">\n<div class=\"one_half \">\n<p style=\"text-align: justify;\"><strong>Descripci\u00f3n:<\/strong><br \/>\nHabitaci\u00f3n con cama doble en el \u00e1tico, capacidad para 2 personas.<\/p>\n<p>A\/C<br \/>\nMini Bar<br \/>\nDesayuno<br \/>\nInternet\n<\/p>\n<h4><strong><a href=\"https:\/\/api.myallocator.com\/callback\/ota\/air\/v201506\/ical?pid=29493&#038;rid=147802&#038;hash=444f1\" target=\"_blank\">Book Now<\/a><\/strong><\/h4>\n<\/div>\n<div class=\"one_half last \">\n<\/div>\n<\/p>\n<\/div>\n<\/div>\n<div class=\"one ppb_gallery withpadding \" \">\n<div class=\"page_content_wrapper \" style=\"text-align:center\">\n<div class=\"three_cols portfolio_filter_wrapper gallery section content clearfix\">\n<div class=\"element portfolio3filter_wrapper\">\n<div class=\"one_third gallery3 filterable gallery_type animated1 \"><a title=\"\" class=\"fancy-gallery\" href=\"https:\/\/www.casacongo.com\/es\/wp-content\/uploads\/2025\/06\/AO-DI0389-1041-scaled.jpg\"><img decoding=\"async\" src=\"https:\/\/www.casacongo.com\/es\/wp-content\/uploads\/2025\/06\/AO-DI0389-1041-560x460.jpg\" alt=\"\" class=\"\"\/><\/a><\/div>\n<\/div>\n<div class=\"element portfolio3filter_wrapper\">\n<div class=\"one_third gallery3 filterable gallery_type animated2 \"><a title=\"\" class=\"fancy-gallery\" href=\"https:\/\/www.casacongo.com\/es\/wp-content\/uploads\/2025\/06\/AO-DI0389-1044-scaled.jpg\"><img decoding=\"async\" src=\"https:\/\/www.casacongo.com\/es\/wp-content\/uploads\/2025\/06\/AO-DI0389-1044-560x460.jpg\" alt=\"\" class=\"\"\/><\/a><\/div>\n<\/div>\n<div class=\"element portfolio3filter_wrapper\">\n<div class=\"one_third gallery3 filterable gallery_type animated3 \"><a title=\"\" class=\"fancy-gallery\" href=\"https:\/\/www.casacongo.com\/es\/wp-content\/uploads\/2025\/06\/AO-DI0389-1039-scaled.jpg\"><img decoding=\"async\" src=\"https:\/\/www.casacongo.com\/es\/wp-content\/uploads\/2025\/06\/AO-DI0389-1039-560x460.jpg\" alt=\"\" class=\"\"\/><\/a><\/div>\n<\/div>\n<\/div>\n<\/div>\n<\/div>\n","protected":false},"excerpt":{"rendered":"<p>\u00a0\u00a0 \u00a0\u00a0 \u00a0\u00a0 Descripci\u00f3n: Habitaci\u00f3n con cama doble en el \u00e1tico, capacidad para 2 personas. A\/C Mini Bar Desayuno Internet Book Now<\/p>\n","protected":false},"author":1,"featured_media":6034,"parent":4583,"menu_order":0,"comment_status":"closed","ping_status":"closed","template":"page-destination sin texto.php","meta":{"footnotes":""},"class_list":["post-5593","page","type-page","status-publish","has-post-thumbnail","hentry"],"_links":{"self":[{"href":"https:\/\/www.casacongo.com\/es\/wp-json\/wp\/v2\/pages\/5593","targetHints":{"allow":["GET"]}}],"collection":[{"href":"https:\/\/www.casacongo.com\/es\/wp-json\/wp\/v2\/pages"}],"about":[{"href":"https:\/\/www.casacongo.com\/es\/wp-json\/wp\/v2\/types\/page"}],"author":[{"embeddable":true,"href":"https:\/\/www.casacongo.com\/es\/wp-json\/wp\/v2\/users\/1"}],"replies":[{"embeddable":true,"href":"https:\/\/www.casacongo.com\/es\/wp-json\/wp\/v2\/comments?post=5593"}],"version-history":[{"count":4,"href":"https:\/\/www.casacongo.com\/es\/wp-json\/wp\/v2\/pages\/5593\/revisions"}],"predecessor-version":[{"id":6095,"href":"https:\/\/www.casacongo.com\/es\/wp-json\/wp\/v2\/pages\/5593\/revisions\/6095"}],"up":[{"embeddable":true,"href":"https:\/\/www.casacongo.com\/es\/wp-json\/wp\/v2\/pages\/4583"}],"wp:featuredmedia":[{"embeddable":true,"href":"https:\/\/www.casacongo.com\/es\/wp-json\/wp\/v2\/media\/6034"}],"wp:attachment":[{"href":"https:\/\/www.casacongo.com\/es\/wp-json\/wp\/v2\/media?parent=5593"}],"curies":[{"name":"wp","href":"https:\/\/api.w.org\/{rel}","templated":true}]}}