{"id":5806,"date":"2017-06-22T09:56:01","date_gmt":"2017-06-22T09:56:01","guid":{"rendered":"http:\/\/casacongo.fundacionbp.org\/es\/?page_id=5806"},"modified":"2017-06-29T20:52:35","modified_gmt":"2017-06-29T20:52:35","slug":"anel","status":"publish","type":"page","link":"https:\/\/www.casacongo.com\/es\/gallery\/artistas\/anel\/","title":{"rendered":"Anel Angulo"},"content":{"rendered":"<div class=\"one withsmallpadding \" >\n<div class=\"page_content_wrapper\">\n<p>Artista pl\u00e1stico <\/p>\n<p><b><strong>Exposiciones importantes<\/strong><\/b><\/p>\n<p>2005 &#8211; 2006 Karavan Galery<br \/>\n2005 &#8211; 2006 Manolo Caracol Panam\u00e1<br \/>\n2007 Banco Nacional<br \/>\n2010 INAC<\/p>\n<p>Actualmente su trabajo art\u00edstico est\u00e1 expuesto en la Galer\u00eda Casa de la Cultura Congo.<\/p>\n<\/div>\n<\/div>\n","protected":false},"excerpt":{"rendered":"<p>Artista pl\u00e1stico Exposiciones importantes 2005 &#8211; 2006 Karavan Galery 2005 &#8211; 2006 Manolo Caracol Panam\u00e1 2007 Banco Nacional 2010 INAC Actualmente su trabajo art\u00edstico est\u00e1 expuesto en la Galer\u00eda Casa de la Cultura Congo.<\/p>\n","protected":false},"author":1,"featured_media":5807,"parent":5789,"menu_order":0,"comment_status":"closed","ping_status":"closed","template":"page-artist.php","meta":{"footnotes":""},"class_list":["post-5806","page","type-page","status-publish","has-post-thumbnail","hentry"],"_links":{"self":[{"href":"https:\/\/www.casacongo.com\/es\/wp-json\/wp\/v2\/pages\/5806","targetHints":{"allow":["GET"]}}],"collection":[{"href":"https:\/\/www.casacongo.com\/es\/wp-json\/wp\/v2\/pages"}],"about":[{"href":"https:\/\/www.casacongo.com\/es\/wp-json\/wp\/v2\/types\/page"}],"author":[{"embeddable":true,"href":"https:\/\/www.casacongo.com\/es\/wp-json\/wp\/v2\/users\/1"}],"replies":[{"embeddable":true,"href":"https:\/\/www.casacongo.com\/es\/wp-json\/wp\/v2\/comments?post=5806"}],"version-history":[{"count":3,"href":"https:\/\/www.casacongo.com\/es\/wp-json\/wp\/v2\/pages\/5806\/revisions"}],"predecessor-version":[{"id":5928,"href":"https:\/\/www.casacongo.com\/es\/wp-json\/wp\/v2\/pages\/5806\/revisions\/5928"}],"up":[{"embeddable":true,"href":"https:\/\/www.casacongo.com\/es\/wp-json\/wp\/v2\/pages\/5789"}],"wp:featuredmedia":[{"embeddable":true,"href":"https:\/\/www.casacongo.com\/es\/wp-json\/wp\/v2\/media\/5807"}],"wp:attachment":[{"href":"https:\/\/www.casacongo.com\/es\/wp-json\/wp\/v2\/media?parent=5806"}],"curies":[{"name":"wp","href":"https:\/\/api.w.org\/{rel}","templated":true}]}}