{"id":5811,"date":"2017-06-22T09:59:23","date_gmt":"2017-06-22T09:59:23","guid":{"rendered":"http:\/\/casacongo.fundacionbp.org\/es\/?page_id=5811"},"modified":"2017-06-29T20:51:04","modified_gmt":"2017-06-29T20:51:04","slug":"mono","status":"publish","type":"page","link":"https:\/\/www.casacongo.com\/es\/gallery\/artistas\/mono\/","title":{"rendered":"Bonarge Paz (Mono)"},"content":{"rendered":"<div class=\"one withsmallpadding \" >\n<div class=\"page_content_wrapper\">\n<p>Tallador. 79 a\u00f1os<\/p>\n<p>Actualmente su trabajo art\u00edstico est\u00e1 expuesto en la Galer\u00eda Casa de la Cultura Congo.<\/p>\n<\/div>\n<\/div>\n","protected":false},"excerpt":{"rendered":"<p>Tallador. 79 a\u00f1os Actualmente su trabajo art\u00edstico est\u00e1 expuesto en la Galer\u00eda Casa de la Cultura Congo.<\/p>\n","protected":false},"author":1,"featured_media":5805,"parent":5789,"menu_order":0,"comment_status":"closed","ping_status":"closed","template":"page-artist.php","meta":{"footnotes":""},"class_list":["post-5811","page","type-page","status-publish","has-post-thumbnail","hentry"],"_links":{"self":[{"href":"https:\/\/www.casacongo.com\/es\/wp-json\/wp\/v2\/pages\/5811","targetHints":{"allow":["GET"]}}],"collection":[{"href":"https:\/\/www.casacongo.com\/es\/wp-json\/wp\/v2\/pages"}],"about":[{"href":"https:\/\/www.casacongo.com\/es\/wp-json\/wp\/v2\/types\/page"}],"author":[{"embeddable":true,"href":"https:\/\/www.casacongo.com\/es\/wp-json\/wp\/v2\/users\/1"}],"replies":[{"embeddable":true,"href":"https:\/\/www.casacongo.com\/es\/wp-json\/wp\/v2\/comments?post=5811"}],"version-history":[{"count":3,"href":"https:\/\/www.casacongo.com\/es\/wp-json\/wp\/v2\/pages\/5811\/revisions"}],"predecessor-version":[{"id":5926,"href":"https:\/\/www.casacongo.com\/es\/wp-json\/wp\/v2\/pages\/5811\/revisions\/5926"}],"up":[{"embeddable":true,"href":"https:\/\/www.casacongo.com\/es\/wp-json\/wp\/v2\/pages\/5789"}],"wp:featuredmedia":[{"embeddable":true,"href":"https:\/\/www.casacongo.com\/es\/wp-json\/wp\/v2\/media\/5805"}],"wp:attachment":[{"href":"https:\/\/www.casacongo.com\/es\/wp-json\/wp\/v2\/media?parent=5811"}],"curies":[{"name":"wp","href":"https:\/\/api.w.org\/{rel}","templated":true}]}}