{"id":5816,"date":"2017-06-22T10:14:38","date_gmt":"2017-06-22T10:14:38","guid":{"rendered":"http:\/\/casacongo.fundacionbp.org\/es\/?page_id=5816"},"modified":"2017-06-26T20:47:47","modified_gmt":"2017-06-26T20:47:47","slug":"gustavo","status":"publish","type":"page","link":"https:\/\/www.casacongo.com\/es\/gallery\/artistas\/gustavo\/","title":{"rendered":"Gustavo Esquina De la Espada (Gustavo)"},"content":{"rendered":"<div class=\"one withsmallpadding \" >\n<div class=\"page_content_wrapper\"><\/div>\n<\/div>\n<div class=\"one withsmallpadding \" >\n<div class=\"page_content_wrapper\">\n<p>Artista pl\u00e1stico \u2013 poeta, estudiante de m\u00fasica<\/p>\n<p><b><strong>Exposiciones<\/strong><\/b><\/p>\n<div class=\"one_third\">\n<p><strong>2012<\/strong><\/p>\n<p>Concurso RADAR<\/p>\n<p>Museo de Arte Contempor\u00e1neo<\/p>\n<p>Ciudad de Panam\u00e1, Panam\u00e1<\/p>\n<p><strong>2011<\/strong><\/p>\n<p>Subasta del concurso RADAR<\/p>\n<p>Museo de Arte Contempor\u00e1neo<\/p>\n<p>Ciudad de Panana, Panam\u00e1<\/p>\n<p>Tarima art\u00edstica del festival de diablos y congos<\/p>\n<p>\u201cArtesano mayor\u201d<\/p>\n<p>Portobelo, Colon, Panam\u00e1<\/p>\n<p><strong>2008<\/strong><\/p>\n<p>Arte congo del taller Portobelo<\/p>\n<p>Restaurante Galer\u00eda Chocol\u00f3n<\/p>\n<p>Colon city, Panam\u00e1<\/p>\n<p>Taller Portobelo y otros artistas<\/p>\n<p>Galer\u00eda karavan<\/p>\n<p>San Felipe Panam\u00e1 city, Panam\u00e1<\/p>\n<p><strong>2007<\/strong><\/p>\n<p>M\u00e1s de un Congo<\/p>\n<p>Casa Cultural Huellas<\/p>\n<p>Panam\u00e1 city, Panam\u00e1<\/p>\n<p>Congo Dance<\/p>\n<p>Centro de Facilidades Tur\u00edsticas<\/p>\n<p>Portobelo, Colon, Panam\u00e1<\/p>\n<p>Arte Feria<\/p>\n<p>Centro de Facilidades Tur\u00edsticas<\/p>\n<p>Portobelo, Colon, Panam\u00e1<\/p>\n<p>Art Colony<\/p>\n<p>Las Orqu\u00eddeas Sculpture Park<\/p>\n<p>Portobelo, Colon, Panam\u00e1<\/p>\n<p>Festival de Diablos exhibici\u00f3n<\/p>\n<p>Edificio de la Real Aduana<\/p>\n<p>Portobelo, Colon, Panam\u00e1<\/p>\n<p><strong>2006<\/strong><\/p>\n<p>21st African Marketplace &#038; Cultural Fair<\/p>\n<p>Rancho Ci\u00e9naga Park<\/p>\n<p>La Ci\u00e9naga, California<\/p>\n<p>Cangada: African Retentions in Portobelo, Panam\u00e1<\/p>\n<p>NAIO galery<\/p>\n<p>Atlanta, Georgia<\/p>\n<p>Afro-Panamenian Congreso<\/p>\n<p>Atrapa convenci\u00f3n center<\/p>\n<p>Panam\u00e1 city, Panam\u00e1<\/p>\n<p>Congo Art<\/p>\n<p>La Casona cultural center<\/p>\n<p>San Felipe, panama, panama<\/p>\n<p>Dia de la Etnia Negra Portobelo fair<\/p>\n<p>Plaza central<\/p>\n<p>Portobelo, colon, Panam\u00e1<\/p>\n<\/div>\n<div class=\"one_third\"><strong>2005<\/strong><\/p>\n<p>Como se Cuenta el Cuento<\/p>\n<p>Hammonds House Galery<\/p>\n<p>Atlanta , Georgia<\/p>\n<p>Oncean\u00a0 Congreso<\/p>\n<p>Atrapa Convenci\u00f3n Center<\/p>\n<p>Panam\u00e1 city, Panam\u00e1<\/p>\n<p>African American Congress<\/p>\n<p>Hotel Country Inn<\/p>\n<p>Panam\u00e1, Panam\u00e1<\/p>\n<p>Festival de Diablos y Congos<\/p>\n<p>Royal Tresaury de Portobelo<\/p>\n<p>Portobelo, Colon, Panam\u00e1<\/p>\n<p>Arte Congo Ancestral<\/p>\n<p>Centro de Facilidades Tur\u00edsticas (CEFATI)<\/p>\n<p>Portobelo, Colon, panama<\/p>\n<p><strong>2004<\/strong><\/p>\n<p>Congo\/kuna Indian Art Collaboration<\/p>\n<p>Tourism Center of Portobelo<\/p>\n<p>Portobelo, Colon Panama<\/p>\n<p><strong>2003<\/strong><\/p>\n<p>Multimedia Art Installation<\/p>\n<p>Las Orquideas Scupture Park<\/p>\n<p>Portobelo, Colon, Panama<\/p>\n<p>Panamenian Congo Art<\/p>\n<p>Harmony Hall Gallery<\/p>\n<p>Ocho R\u00edos, Jamaica<\/p>\n<p>Cable and wireless present Taller Portobelo<\/p>\n<p>Cable and wireless building<\/p>\n<p>Panama City, panama<\/p>\n<p>Congo Art of Taller Portobelo<\/p>\n<p>La Boheme restaurant<\/p>\n<p>Panama City, Panama<\/p>\n<p><strong>2002<\/strong><\/p>\n<p>Reinventing Traditions<\/p>\n<p>Black ridge Gallery: Georgia State University<\/p>\n<p>Atlata, Georgia<\/p>\n<p>Tallar Portobelo Art<\/p>\n<p>Apache caffe<\/p>\n<p>Atlanta, Georgia<\/p>\n<p>Artistas del Taller Portobelo<\/p>\n<p>Casa\u00a0 de las America<\/p>\n<p>Madrid, Espa\u00f1a<\/p>\n<\/div>\n<div class=\"one_third last\">\n<strong>2002<\/strong><\/p>\n<p>Santuario de los Reyes<\/p>\n<p>16th Festival Iberoamericano<\/p>\n<p>Cadiz, Espa\u00f1a<\/p>\n<p>Congo Art of Taller Portobelo<\/p>\n<p>Modern Primitive Gallery<\/p>\n<p>Atlanta, Georgia<\/p>\n<p>Wolrd Youth Festival<\/p>\n<p>Ishtmus Pyramid<\/p>\n<p>Panam\u00e1 City, Panam\u00e1<\/p>\n<p>Taller Portobelo<\/p>\n<p>Hotel Washintong<\/p>\n<p>Colon City, Panama<\/p>\n<p>Altars<\/p>\n<p>Convento de Santo Domingo<\/p>\n<p>San Felipe, Panam\u00e1 City<\/p>\n<p><strong>2000<\/strong><\/p>\n<p>Congo Art in Atlanta<\/p>\n<p>Spelman Collage<\/p>\n<p>Atlanta, Georgia<\/p>\n<p><strong>1999<\/strong><\/p>\n<p>Portobelo Art<\/p>\n<p>Pan-usa Center<\/p>\n<p>Panama City, Panama<\/p>\n<p>Congo Art<\/p>\n<p>Auburn Avenue Research Library<\/p>\n<p>Atlanta, Georgia<\/p>\n<p><strong>1998<\/strong><\/p>\n<p>Congo Art<\/p>\n<p>Aleph Caffe<\/p>\n<p>Panama City, Panama<\/p>\n<p>Art of Taller Portobelo<\/p>\n<p>Helene Breba Art Gallery<\/p>\n<p>Panam\u00e1 City, Panam\u00e1<\/p>\n<p><strong>1997<\/strong><\/p>\n<p>Arte Congo de Portobelo<\/p>\n<p>Museo de Arte Contempor\u00e1neo<\/p>\n<p>Ciudad de Panam\u00e1, Panam\u00e1<\/p>\n<p>Congreso Afro-paname\u00f1o<\/p>\n<p>Centro de convenciones ATLAPA<\/p>\n<p>Panam\u00e1, Panam\u00e1<\/p>\n<\/div>\n<\/div>\n<\/div>\n<div class=\"one withsmallpadding \" >\n<div class=\"page_content_wrapper\">\n<p><strong>Nota importante: los artitas del taller Portobelo forman parte del proyecto<\/strong><\/p>\n<p>de intercambio cultural con la universidad afro-americanas en Boston y\u00a0 Atlanta.<\/p>\n<p>Dentro de este programa interact\u00faan cada a\u00f1o con artistas norteamericanos en diferentes disciplinas art\u00edsticas tanto en Panam\u00e1 como en USA.<\/p>\n<p>Creadores del\u00a0 movimiento art\u00edstico denominado \u201cArte Congo\u201d<\/p>\n<p>Profesores de este movimiento en Panam\u00e1 Y USA<\/p>\n<\/div>\n<\/div>\n","protected":false},"excerpt":{"rendered":"<p>Artista pl\u00e1stico \u2013 poeta, estudiante de m\u00fasica Exposiciones 2012 Concurso RADAR Museo de Arte Contempor\u00e1neo Ciudad de Panam\u00e1, Panam\u00e1 2011 Subasta del concurso RADAR Museo de Arte Contempor\u00e1neo Ciudad de Panana, Panam\u00e1 Tarima art\u00edstica del festival de diablos y congos \u201cArtesano mayor\u201d Portobelo, Colon, Panam\u00e1 2008 [&hellip;]<\/p>\n","protected":false},"author":1,"featured_media":5902,"parent":5789,"menu_order":0,"comment_status":"closed","ping_status":"closed","template":"page-artist.php","meta":{"footnotes":""},"class_list":["post-5816","page","type-page","status-publish","has-post-thumbnail","hentry"],"_links":{"self":[{"href":"https:\/\/www.casacongo.com\/es\/wp-json\/wp\/v2\/pages\/5816","targetHints":{"allow":["GET"]}}],"collection":[{"href":"https:\/\/www.casacongo.com\/es\/wp-json\/wp\/v2\/pages"}],"about":[{"href":"https:\/\/www.casacongo.com\/es\/wp-json\/wp\/v2\/types\/page"}],"author":[{"embeddable":true,"href":"https:\/\/www.casacongo.com\/es\/wp-json\/wp\/v2\/users\/1"}],"replies":[{"embeddable":true,"href":"https:\/\/www.casacongo.com\/es\/wp-json\/wp\/v2\/comments?post=5816"}],"version-history":[{"count":15,"href":"https:\/\/www.casacongo.com\/es\/wp-json\/wp\/v2\/pages\/5816\/revisions"}],"predecessor-version":[{"id":5906,"href":"https:\/\/www.casacongo.com\/es\/wp-json\/wp\/v2\/pages\/5816\/revisions\/5906"}],"up":[{"embeddable":true,"href":"https:\/\/www.casacongo.com\/es\/wp-json\/wp\/v2\/pages\/5789"}],"wp:featuredmedia":[{"embeddable":true,"href":"https:\/\/www.casacongo.com\/es\/wp-json\/wp\/v2\/media\/5902"}],"wp:attachment":[{"href":"https:\/\/www.casacongo.com\/es\/wp-json\/wp\/v2\/media?parent=5816"}],"curies":[{"name":"wp","href":"https:\/\/api.w.org\/{rel}","templated":true}]}}