{"id":5830,"date":"2017-06-22T10:27:04","date_gmt":"2017-06-22T10:27:04","guid":{"rendered":"http:\/\/casacongo.fundacionbp.org\/es\/?page_id=5830"},"modified":"2017-06-26T20:47:25","modified_gmt":"2017-06-26T20:47:25","slug":"pajarito","status":"publish","type":"page","link":"https:\/\/www.casacongo.com\/es\/gallery\/artistas\/pajarito\/","title":{"rendered":"Ariel Jim\u00e9nez Corpas (Pajarito)"},"content":{"rendered":"<div class=\"one withsmallpadding \" >\n<div class=\"page_content_wrapper\">\n<p>Artista pl\u00e1stico <\/p>\n<p><b><strong>Exposiciones importantes<\/strong><\/b><\/p>\n<p>Exhibiciones importantes:<br \/>\nExposiciones en Panam\u00e1<br \/>\nCasona Panam\u00e1<br \/>\nClenbre Bar Panam\u00e1<br \/>\nManolo Caracol Panam\u00e1<br \/>\nAilada Panama<br \/>\nPanusa Panama<br \/>\nHotel Panama<br \/>\nCasco Antiguo Panama<br \/>\nAduana de Portobelo<br \/>\nCefati Portobelo<br \/>\nCaf\u00e9 Aees Panama<br \/>\nArco Chato Panama<br \/>\nJoguar Festival de la Juventud Panama<\/p>\n<p>Actualmente su trabajo art\u00edstico est\u00e1 expuesto en la Galer\u00eda Casa de la Cultura Congo.<\/p>\n<\/div>\n<\/div>\n<div class=\"one withsmallpadding \" >\n<div class=\"page_content_wrapper\">\n<p><strong>Nota importante: los artitas del taller Portobelo forman parte del proyecto<\/strong><\/p>\n<p>de intercambio cultural con la universidad afro-americanas en Boston y\u00a0 Atlanta.<\/p>\n<p>Dentro de este programa interact\u00faan cada a\u00f1o con artistas norteamericanos en diferentes disciplinas art\u00edsticas tanto en Panam\u00e1 como en USA.<\/p>\n<p>Creadores del\u00a0 movimiento art\u00edstico denominado \u201cArte Congo\u201d<\/p>\n<p>Profesores de este movimiento en Panam\u00e1 Y USA<\/p>\n<\/div>\n<\/div>\n","protected":false},"excerpt":{"rendered":"<p>Artista pl\u00e1stico Exposiciones importantes Exhibiciones importantes: Exposiciones en Panam\u00e1 Casona Panam\u00e1 Clenbre Bar Panam\u00e1 Manolo Caracol Panam\u00e1 Ailada Panama Panusa Panama Hotel Panama Casco Antiguo Panama Aduana de Portobelo Cefati Portobelo Caf\u00e9 Aees Panama Arco Chato Panama Joguar Festival de la Juventud Panama Actualmente su trabajo [&hellip;]<\/p>\n","protected":false},"author":1,"featured_media":4856,"parent":5789,"menu_order":0,"comment_status":"closed","ping_status":"closed","template":"page-artist.php","meta":{"footnotes":""},"class_list":["post-5830","page","type-page","status-publish","has-post-thumbnail","hentry"],"_links":{"self":[{"href":"https:\/\/www.casacongo.com\/es\/wp-json\/wp\/v2\/pages\/5830","targetHints":{"allow":["GET"]}}],"collection":[{"href":"https:\/\/www.casacongo.com\/es\/wp-json\/wp\/v2\/pages"}],"about":[{"href":"https:\/\/www.casacongo.com\/es\/wp-json\/wp\/v2\/types\/page"}],"author":[{"embeddable":true,"href":"https:\/\/www.casacongo.com\/es\/wp-json\/wp\/v2\/users\/1"}],"replies":[{"embeddable":true,"href":"https:\/\/www.casacongo.com\/es\/wp-json\/wp\/v2\/comments?post=5830"}],"version-history":[{"count":5,"href":"https:\/\/www.casacongo.com\/es\/wp-json\/wp\/v2\/pages\/5830\/revisions"}],"predecessor-version":[{"id":5836,"href":"https:\/\/www.casacongo.com\/es\/wp-json\/wp\/v2\/pages\/5830\/revisions\/5836"}],"up":[{"embeddable":true,"href":"https:\/\/www.casacongo.com\/es\/wp-json\/wp\/v2\/pages\/5789"}],"wp:featuredmedia":[{"embeddable":true,"href":"https:\/\/www.casacongo.com\/es\/wp-json\/wp\/v2\/media\/4856"}],"wp:attachment":[{"href":"https:\/\/www.casacongo.com\/es\/wp-json\/wp\/v2\/media?parent=5830"}],"curies":[{"name":"wp","href":"https:\/\/api.w.org\/{rel}","templated":true}]}}