{"id":5907,"date":"2017-06-26T20:00:46","date_gmt":"2017-06-26T20:00:46","guid":{"rendered":"http:\/\/casacongo.fundacionbp.org\/es\/?page_id=5907"},"modified":"2017-06-26T20:47:52","modified_gmt":"2017-06-26T20:47:52","slug":"tatu","status":"publish","type":"page","link":"https:\/\/www.casacongo.com\/es\/gallery\/artistas\/tatu\/","title":{"rendered":"Manuel Esteban Golden (Tatu)"},"content":{"rendered":"<div class=\"one withsmallpadding \" >\n<div class=\"page_content_wrapper\"><\/div>\n<\/div>\n<div class=\"one withsmallpadding \" >\n<div class=\"page_content_wrapper\">\n<p>Pintor. \u00a0Artista autodidacta\u00a0 enfocado al rescate y conservaci\u00f3n\u00a0del arte de la cultura congo.<\/p>\n<p><b><strong>Exposiciones<\/strong><\/b><\/p>\n<div class=\"one_third\">\n<p><strong>2011<\/strong><\/p>\n<p>Concurso RADAR Museo de Arte Contempor\u00e1neo, Ciudad de Panam\u00e1, Panam\u00e1<\/p>\n<p>Tarima art\u00edstica del Festival de Diablos y Congos<\/p>\n<p>Portobelo, Colon, Panam\u00e1<\/p>\n<p><strong>2008<\/strong><\/p>\n<p>Arte Congo del Taller Portobelo<\/p>\n<p>Restaurante Galer\u00eda Chocol\u00f3n<\/p>\n<p>Colon City, Panam\u00e1<\/p>\n<p>Taller Portobelo y otros artistas<\/p>\n<p>Galer\u00eda Karavan<\/p>\n<p>San Felipe Panam\u00e1 City, Panam\u00e1<\/p>\n<p><strong>2007<\/strong><\/p>\n<p>M\u00e1s de un Congo<\/p>\n<p>Casa Cultural Huellas<\/p>\n<p>Panam\u00e1 City, Panam\u00e1<\/p>\n<p>Congo Dance<\/p>\n<p>Centro de Facilidades Tur\u00edsticas<\/p>\n<p>Portobelo, Colon, Panam\u00e1<\/p>\n<p>Arte Feria<\/p>\n<p>Centro de Facilidades Tur\u00edsticas<\/p>\n<p>Portobelo, Colon, Panam\u00e1<\/p>\n<p>Art colony<\/p>\n<p>Las Orqu\u00eddeas Sculpture Park<\/p>\n<p>Portobelo, Colon, Panam\u00e1<\/p>\n<p>Festival de Diablos Exhibici\u00f3n<\/p>\n<p>Edificio de la Real Aduana<\/p>\n<p>Portobelo, Colon, Panam\u00e1<\/p>\n<p><strong>2006<\/strong><\/p>\n<p>21st African Marketplace &#038; Cultural fair<\/p>\n<p>Rancho Cienaga Park<\/p>\n<p>La Ci\u00e9naga, California<\/p>\n<p>Cangada: african retentions in Portobelo, Panam\u00e1<\/p>\n<p>NAIO galery<\/p>\n<p>Atlanta, Georgia<\/p>\n<p>Afro-panamenian Congress<\/p>\n<p>Atrapa convenci\u00f3n center<\/p>\n<p>Panam\u00e1 city, Panam\u00e1<\/p>\n<p>Congo Art<\/p>\n<p>La Casona cultural center<\/p>\n<p>San Felipe, panama, panama<\/p>\n<p>Dia dev la Etnia Negra<\/p>\n<p>Plaza Central<\/p>\n<p>Portobelo, Colon, Panam\u00e1<\/p>\n<\/div>\n<div class=\"one_third\">\n<p>\u00a0<\/p>\n<p><strong>2005<\/strong><\/p>\n<p>Como se Cuenta el Cuento<\/p>\n<p>Hammonds House Galery<\/p>\n<p>Atlanta, Georgia<\/p>\n<p>Oncean Congress<\/p>\n<p>Atrapa Convenci\u00f3n Center<\/p>\n<p>Panam\u00e1 City, Panam\u00e1<\/p>\n<p>African Amarican Congress<\/p>\n<p>Hotel Country Inn<\/p>\n<p>Panam\u00e1, Panam\u00e1<\/p>\n<p>Festival de Diablos y Congos<\/p>\n<p>Royal Tresaury de Portobelo<\/p>\n<p>Portobelo, Colon, Panam\u00e1<\/p>\n<p>Arte Congo Ancestral<\/p>\n<p>Centro de Facilidades Tur\u00edsticas<\/p>\n<p>Portobelo, Colon, Panama<\/p>\n<p><strong>2004<\/strong><\/p>\n<p>Congo\/Kuna Indian Art Collaboration<\/p>\n<p>Tourism Center of Portobelo<\/p>\n<p>Portobelo, Colon Panama<\/p>\n<p><strong>2003<\/strong><\/p>\n<p>Multimedia Art Installation<\/p>\n<p>Las Orquideas Scupture Park<\/p>\n<p>Portobelo, Colon, Panama<\/p>\n<p>Panamenian Congo Art<\/p>\n<p>Harmony Hall Gallery<\/p>\n<p>Ocho R\u00edos, Jamaica<\/p>\n<p>Cable and Wireless present Taller Portobelo<\/p>\n<p>Cable and Wireless building<\/p>\n<p>Panama City, Panama<\/p>\n<p>Congo Art of Taller Portobelo<\/p>\n<p>La Boheme Restaurant<\/p>\n<p>Panama City, Panama<\/p>\n<p>\u00a0<\/p>\n<\/div>\n<div class=\"one_third last\">\n<p>\u00a0<\/p>\n<p><strong>2002<\/strong><\/p>\n<p>Reinventing Traditions<\/p>\n<p>Black Ridge Gallery: Georgia State University<\/p>\n<p>Atlanta, Georgia<\/p>\n<p>Taller Portobelo Art<\/p>\n<p>Apache Caffe<\/p>\n<p>Atlanta, Georgia<\/p>\n<p>Artistas del Taller Portobelo<\/p>\n<p>Casa\u00a0 de las America<\/p>\n<p>Madrid, Espa\u00f1a<\/p>\n<p>Santuario de los Reyes<\/p>\n<p>16th Festival Iberoamericano<\/p>\n<p>Cadiz, Espa\u00f1a<\/p>\n<p>Congo Art of Taller Portobelo<\/p>\n<p>Modern Primitive Gallery<\/p>\n<p>Atlanta, Georgia<\/p>\n<p>Wolrd Youth Festival<\/p>\n<p>Ishtmus Pyramid<\/p>\n<p>Panam\u00e1 City, Panam\u00e1<\/p>\n<p>Taller Portobelo<\/p>\n<p>Hotel Washington<\/p>\n<p>Colon City, Panama<\/p>\n<p>Altars<\/p>\n<p>Convento de Santo Domingo<\/p>\n<p>San Felipe, Panam\u00e1 City<\/p>\n<p><strong>2000<\/strong><\/p>\n<p>Congo Art in Atlanta<\/p>\n<p>Spelman Collage<\/p>\n<p>Atlanta, Georgia<\/p>\n<p><strong>1999<\/strong><\/p>\n<p>Portobelo Art<\/p>\n<p>Pan-usa Center<\/p>\n<p>Panama City, Panama<\/p>\n<p>Congo Art<\/p>\n<p>Auburn avenue Research Library<\/p>\n<p>Atlanta, Georgia<\/p>\n<p><strong>1998<\/strong><\/p>\n<p>Congo Art<\/p>\n<p>Aleph Caffe<\/p>\n<p>Panama City, Panama<\/p>\n<p>Art of Taller Portobelo<\/p>\n<p>Helene Brebaart Gallery<\/p>\n<p>Panam\u00e1 city, Panam\u00e1<\/p>\n<p><strong>1997<\/strong><\/p>\n<p>Arte Congo de Portobelo<\/p>\n<p>Museo de Arte Contempor\u00e1neo<\/p>\n<p>Ciudad de Panam\u00e1, Panam\u00e1<\/p>\n<p>Congreso Afro-paname\u00f1o<\/p>\n<p>Centro de Convenciones ATLAPA<\/p>\n<p>Panam\u00e1, Panam\u00e1<\/p>\n<p>\u00a0<\/p>\n<\/div>\n<\/div>\n<\/div>\n<div class=\"one withsmallpadding \" >\n<div class=\"page_content_wrapper\">\n<p><strong>Nota importante: los artitas del taller Portobelo forman parte del proyecto<\/strong><\/p>\n<p>de intercambio cultural con la universidad afro-americanas en Boston y\u00a0 Atlanta.<\/p>\n<p>Dentro de este programa interact\u00faan cada a\u00f1o con artistas norteamericanos en diferentes disciplinas art\u00edsticas tanto en Panam\u00e1 como en USA.<\/p>\n<p>Creadores del\u00a0 movimiento art\u00edstico denominado \u201cArte Congo\u201d<\/p>\n<p>Profesores de este movimiento en Panam\u00e1 Y USA<\/p>\n<\/div>\n<\/div>\n","protected":false},"excerpt":{"rendered":"<p>Pintor. \u00a0Artista autodidacta\u00a0 enfocado al rescate y conservaci\u00f3n\u00a0del arte de la cultura congo. Exposiciones 2011 Concurso RADAR Museo de Arte Contempor\u00e1neo, Ciudad de Panam\u00e1, Panam\u00e1 Tarima art\u00edstica del Festival de Diablos y Congos Portobelo, Colon, Panam\u00e1 2008 Arte Congo del Taller Portobelo Restaurante Galer\u00eda Chocol\u00f3n Colon [&hellip;]<\/p>\n","protected":false},"author":1,"featured_media":5901,"parent":5789,"menu_order":0,"comment_status":"closed","ping_status":"closed","template":"page-artist.php","meta":{"footnotes":""},"class_list":["post-5907","page","type-page","status-publish","has-post-thumbnail","hentry"],"_links":{"self":[{"href":"https:\/\/www.casacongo.com\/es\/wp-json\/wp\/v2\/pages\/5907","targetHints":{"allow":["GET"]}}],"collection":[{"href":"https:\/\/www.casacongo.com\/es\/wp-json\/wp\/v2\/pages"}],"about":[{"href":"https:\/\/www.casacongo.com\/es\/wp-json\/wp\/v2\/types\/page"}],"author":[{"embeddable":true,"href":"https:\/\/www.casacongo.com\/es\/wp-json\/wp\/v2\/users\/1"}],"replies":[{"embeddable":true,"href":"https:\/\/www.casacongo.com\/es\/wp-json\/wp\/v2\/comments?post=5907"}],"version-history":[{"count":2,"href":"https:\/\/www.casacongo.com\/es\/wp-json\/wp\/v2\/pages\/5907\/revisions"}],"predecessor-version":[{"id":5909,"href":"https:\/\/www.casacongo.com\/es\/wp-json\/wp\/v2\/pages\/5907\/revisions\/5909"}],"up":[{"embeddable":true,"href":"https:\/\/www.casacongo.com\/es\/wp-json\/wp\/v2\/pages\/5789"}],"wp:featuredmedia":[{"embeddable":true,"href":"https:\/\/www.casacongo.com\/es\/wp-json\/wp\/v2\/media\/5901"}],"wp:attachment":[{"href":"https:\/\/www.casacongo.com\/es\/wp-json\/wp\/v2\/media?parent=5907"}],"curies":[{"name":"wp","href":"https:\/\/api.w.org\/{rel}","templated":true}]}}