{"id":5911,"date":"2017-06-26T20:02:56","date_gmt":"2017-06-26T20:02:56","guid":{"rendered":"http:\/\/casacongo.fundacionbp.org\/es\/?page_id=5911"},"modified":"2017-06-29T20:50:27","modified_gmt":"2017-06-29T20:50:27","slug":"chapa","status":"publish","type":"page","link":"https:\/\/www.casacongo.com\/es\/gallery\/artistas\/chapa\/","title":{"rendered":"Perfecto Bacoriza Chango (Chapa)"},"content":{"rendered":"<div class=\"one withsmallpadding \" >\n<div class=\"page_content_wrapper\">\n<p>Tallador. 79 a\u00f1os<\/p>\n<p>Actualmente su trabajo art\u00edstico est\u00e1 expuesto en la Galer\u00eda Casa de la Cultura Congo.<\/p>\n<\/div>\n<\/div>\n","protected":false},"excerpt":{"rendered":"<p>Tallador. 79 a\u00f1os Actualmente su trabajo art\u00edstico est\u00e1 expuesto en la Galer\u00eda Casa de la Cultura Congo.<\/p>\n","protected":false},"author":1,"featured_media":5921,"parent":5789,"menu_order":0,"comment_status":"closed","ping_status":"closed","template":"page-artist.php","meta":{"footnotes":""},"class_list":["post-5911","page","type-page","status-publish","has-post-thumbnail","hentry"],"_links":{"self":[{"href":"https:\/\/www.casacongo.com\/es\/wp-json\/wp\/v2\/pages\/5911","targetHints":{"allow":["GET"]}}],"collection":[{"href":"https:\/\/www.casacongo.com\/es\/wp-json\/wp\/v2\/pages"}],"about":[{"href":"https:\/\/www.casacongo.com\/es\/wp-json\/wp\/v2\/types\/page"}],"author":[{"embeddable":true,"href":"https:\/\/www.casacongo.com\/es\/wp-json\/wp\/v2\/users\/1"}],"replies":[{"embeddable":true,"href":"https:\/\/www.casacongo.com\/es\/wp-json\/wp\/v2\/comments?post=5911"}],"version-history":[{"count":5,"href":"https:\/\/www.casacongo.com\/es\/wp-json\/wp\/v2\/pages\/5911\/revisions"}],"predecessor-version":[{"id":5925,"href":"https:\/\/www.casacongo.com\/es\/wp-json\/wp\/v2\/pages\/5911\/revisions\/5925"}],"up":[{"embeddable":true,"href":"https:\/\/www.casacongo.com\/es\/wp-json\/wp\/v2\/pages\/5789"}],"wp:featuredmedia":[{"embeddable":true,"href":"https:\/\/www.casacongo.com\/es\/wp-json\/wp\/v2\/media\/5921"}],"wp:attachment":[{"href":"https:\/\/www.casacongo.com\/es\/wp-json\/wp\/v2\/media?parent=5911"}],"curies":[{"name":"wp","href":"https:\/\/api.w.org\/{rel}","templated":true}]}}