{"id":5914,"date":"2017-06-26T20:05:14","date_gmt":"2017-06-26T20:05:14","guid":{"rendered":"http:\/\/casacongo.fundacionbp.org\/es\/?page_id=5914"},"modified":"2017-06-29T20:52:18","modified_gmt":"2017-06-29T20:52:18","slug":"celsosanchez","status":"publish","type":"page","link":"https:\/\/www.casacongo.com\/es\/gallery\/artistas\/celsosanchez\/","title":{"rendered":"Celso Sanchez"},"content":{"rendered":"<div class=\"one withsmallpadding \" >\n<div class=\"page_content_wrapper\">\n<p>Tallador<\/p>\n<p>Actualmente su trabajo art\u00edstico est\u00e1 expuesto en la Galer\u00eda Casa de la Cultura Congo.<\/p>\n<\/div>\n<\/div>\n","protected":false},"excerpt":{"rendered":"<p>Tallador Actualmente su trabajo art\u00edstico est\u00e1 expuesto en la Galer\u00eda Casa de la Cultura Congo.<\/p>\n","protected":false},"author":1,"featured_media":5915,"parent":5789,"menu_order":0,"comment_status":"closed","ping_status":"closed","template":"page-artist.php","meta":{"footnotes":""},"class_list":["post-5914","page","type-page","status-publish","has-post-thumbnail","hentry"],"_links":{"self":[{"href":"https:\/\/www.casacongo.com\/es\/wp-json\/wp\/v2\/pages\/5914","targetHints":{"allow":["GET"]}}],"collection":[{"href":"https:\/\/www.casacongo.com\/es\/wp-json\/wp\/v2\/pages"}],"about":[{"href":"https:\/\/www.casacongo.com\/es\/wp-json\/wp\/v2\/types\/page"}],"author":[{"embeddable":true,"href":"https:\/\/www.casacongo.com\/es\/wp-json\/wp\/v2\/users\/1"}],"replies":[{"embeddable":true,"href":"https:\/\/www.casacongo.com\/es\/wp-json\/wp\/v2\/comments?post=5914"}],"version-history":[{"count":3,"href":"https:\/\/www.casacongo.com\/es\/wp-json\/wp\/v2\/pages\/5914\/revisions"}],"predecessor-version":[{"id":5927,"href":"https:\/\/www.casacongo.com\/es\/wp-json\/wp\/v2\/pages\/5914\/revisions\/5927"}],"up":[{"embeddable":true,"href":"https:\/\/www.casacongo.com\/es\/wp-json\/wp\/v2\/pages\/5789"}],"wp:featuredmedia":[{"embeddable":true,"href":"https:\/\/www.casacongo.com\/es\/wp-json\/wp\/v2\/media\/5915"}],"wp:attachment":[{"href":"https:\/\/www.casacongo.com\/es\/wp-json\/wp\/v2\/media?parent=5914"}],"curies":[{"name":"wp","href":"https:\/\/api.w.org\/{rel}","templated":true}]}}